{"id":1171,"date":"2024-12-04T13:29:18","date_gmt":"2024-12-04T11:29:18","guid":{"rendered":"https:\/\/www.kookosreis.ee\/?page_id=1171"},"modified":"2025-06-29T17:01:55","modified_gmt":"2025-06-29T15:01:55","slug":"lonicera-resort-and-spa-5","status":"publish","type":"page","link":"https:\/\/www.kookosreis.ee\/ru\/lonicera-resort-and-spa-5\/","title":{"rendered":"Lonicera Resort and SPA 5*"},"content":{"rendered":"<div data-elementor-type=\"wp-page\" data-elementor-id=\"1171\" class=\"elementor elementor-1171\">\n\t\t\t\t<div class=\"elementor-element elementor-element-5115fc5d e-con-full e-flex e-con e-parent\" data-id=\"5115fc5d\" data-element_type=\"container\" data-e-type=\"container\">\n\t\t\t\t<div class=\"elementor-element elementor-element-21cca3f5 elementor-widget elementor-widget-text-editor\" data-id=\"21cca3f5\" data-element_type=\"widget\" data-e-type=\"widget\" data-widget_type=\"text-editor.default\">\n\t\t\t\t<div class=\"elementor-widget-container\">\n\t\t\t\t\t\t\t\t\t\n<h5><strong>\u041e\u0442\u0435\u043b\u0438 Lonicera \u2014 \u0438\u0434\u0435\u0430\u043b\u044c\u043d\u044b\u0439 \u0432\u044b\u0431\u043e\u0440 \u0434\u043b\u044f \u0441\u0435\u043c\u0435\u0439\u043d\u043e\u0433\u043e \u043e\u0442\u0434\u044b\u0445\u0430 \u043d\u0430 \u043f\u043e\u0431\u0435\u0440\u0435\u0436\u044c\u0435 \u0410\u043d\u0442\u0430\u043b\u0438\u0438!<\/strong><\/h5>\n<p>\u0415\u0441\u043b\u0438 \u0432\u044b \u0438\u0449\u0435\u0442\u0435 \u0438\u0434\u0435\u0430\u043b\u044c\u043d\u044b\u0439 \u043e\u0442\u0435\u043b\u044c \u0434\u043b\u044f \u0441\u0435\u043c\u0435\u0439\u043d\u043e\u0433\u043e \u043e\u0442\u0434\u044b\u0445\u0430 \u043d\u0430 \u0410\u043d\u0442\u0430\u043b\u0438\u0439\u0441\u043a\u043e\u043c \u043f\u043e\u0431\u0435\u0440\u0435\u0436\u044c\u0435 \u0432 \u0422\u0443\u0440\u0446\u0438\u0438, \u0442\u043e <strong>\u0421\u0435\u0442\u044c \u043e\u0442\u0435\u043b\u0435\u0439 Lonicera<\/strong> \u043e\u0442\u043b\u0438\u0447\u043d\u044b\u0439 \u0432\u044b\u0431\u043e\u0440. \u041e\u043d \u0441\u043e\u0441\u0442\u043e\u0438\u0442 \u0438\u0437 \u0442\u0440\u0435\u0445 \u0441\u043c\u0435\u0436\u043d\u044b\u0445 \u043e\u0442\u0435\u043b\u0435\u0439, \u0433\u043e\u0441\u0442\u0438 \u043a\u043e\u0442\u043e\u0440\u044b\u0445 \u043c\u043e\u0433\u0443\u0442 \u043f\u043e\u043b\u044c\u0437\u043e\u0432\u0430\u0442\u044c\u0441\u044f \u0432\u0441\u0435\u0439 \u0438\u043d\u0444\u0440\u0430\u0441\u0442\u0440\u0443\u043a\u0442\u0443\u0440\u043e\u0439, \u0431\u0430\u0440\u0430\u043c\u0438 \u0438 \u0443\u0441\u043b\u0443\u0433\u0430\u043c\u0438 \u043a\u043e\u043c\u043f\u043b\u0435\u043a\u0441\u0430. \u0412 \u043a\u0430\u0436\u0434\u043e\u043c \u043e\u0442\u0435\u043b\u0435 \u0435\u0441\u0442\u044c \u0441\u043e\u0431\u0441\u0442\u0432\u0435\u043d\u043d\u044b\u0439 \u0440\u0435\u0441\u0442\u043e\u0440\u0430\u043d, \u043f\u043e\u0441\u0435\u0449\u0430\u0442\u044c \u043a\u043e\u0442\u043e\u0440\u044b\u0439 \u043c\u043e\u0433\u0443\u0442 \u0442\u043e\u043b\u044c\u043a\u043e \u0433\u043e\u0441\u0442\u0438 \u0441\u043e\u043e\u0442\u0432\u0435\u0442\u0441\u0442\u0432\u0443\u044e\u0449\u0435\u0433\u043e \u043e\u0442\u0435\u043b\u044f. \u041a\u0440\u043e\u043c\u0435 \u0442\u043e\u0433\u043e, \u0432 \u043d\u0435\u043f\u043e\u0441\u0440\u0435\u0434\u0441\u0442\u0432\u0435\u043d\u043d\u043e\u0439 \u0431\u043b\u0438\u0437\u043e\u0441\u0442\u0438 \u043e\u0442 \u0433\u043e\u0441\u0442\u0438\u043d\u0438\u0447\u043d\u043e\u0433\u043e \u043a\u043e\u043c\u043f\u043b\u0435\u043a\u0441\u0430 \u043d\u0430\u0445\u043e\u0434\u0438\u0442\u0441\u044f \u043d\u0435\u0431\u043e\u043b\u044c\u0448\u043e\u0439 \u0440\u044b\u043d\u043e\u043a, \u0433\u0434\u0435 \u043c\u043e\u0436\u043d\u043e \u043d\u0430\u0439\u0442\u0438 \u043c\u043d\u043e\u0436\u0435\u0441\u0442\u0432\u043e \u043d\u0435\u043e\u0431\u0445\u043e\u0434\u0438\u043c\u044b\u0445 \u0442\u043e\u0432\u0430\u0440\u043e\u0432, \u0430 \u0442\u0430\u043a\u0436\u0435 <a href=\"https:\/\/www.lcwaikiki.it\/en-US\/IT\">LC \u0412\u0430\u0439\u043a\u0438\u043a\u0438<\/a> \u043c\u0430\u0433\u0430\u0437\u0438\u043d \u0441 \u043a\u0430\u0447\u0435\u0441\u0442\u0432\u0435\u043d\u043d\u043e\u0439 \u0438 \u0434\u043e\u0441\u0442\u0443\u043f\u043d\u043e\u0439 \u043e\u0434\u0435\u0436\u0434\u043e\u0439 \u0438 \u0442\u043e\u0432\u0430\u0440\u0430\u043c\u0438.<\/p>\n<h5><strong>Lonicera Premium \u2013 \u043f\u043e\u043a\u043e\u0439 \u0438 \u0440\u043e\u0441\u043a\u043e\u0448\u044c \u0432 \u043e\u0434\u043d\u043e\u043c<\/strong><\/h5>\n<p><a href=\"https:\/\/www.lonicera.com.tr\/EN\/Premium\/index.html\"><strong>\u0416\u0438\u043c\u043e\u043b\u043e\u0441\u0442\u044c \u041f\u0440\u0435\u043c\u0438\u0443\u043c<\/strong><\/a> \u042d\u0442\u043e \u0441\u0430\u043c\u044b\u0439 \u043d\u043e\u0432\u044b\u0439 \u0438\u0437 \u0442\u0440\u0435\u0445 \u043e\u0442\u0435\u043b\u0435\u0439, \u0440\u0430\u0441\u043f\u043e\u043b\u043e\u0436\u0435\u043d\u043d\u044b\u0439 \u0447\u0435\u0440\u0435\u0437 \u0434\u043e\u0440\u043e\u0433\u0443 \u043e\u0442 \u0434\u0432\u0443\u0445 \u0434\u0440\u0443\u0433\u0438\u0445 \u043e\u0442\u0435\u043b\u0435\u0439. \u042d\u0442\u043e\u0442 \u043e\u0442\u0435\u043b\u044c \u043f\u0440\u0435\u0434\u043b\u0430\u0433\u0430\u0435\u0442 \u0431\u043e\u043b\u0435\u0435 \u0441\u043f\u043e\u043a\u043e\u0439\u043d\u0443\u044e \u0438 \u0443\u0435\u0434\u0438\u043d\u0435\u043d\u043d\u0443\u044e \u0430\u0442\u043c\u043e\u0441\u0444\u0435\u0440\u0443 \u0438 \u0440\u0430\u0441\u043f\u043e\u043b\u0430\u0433\u0430\u0435\u0442 \u0441\u043e\u0431\u0441\u0442\u0432\u0435\u043d\u043d\u044b\u043c \u043f\u043b\u044f\u0436\u0435\u043c. \u0413\u043b\u0430\u0432\u043d\u044b\u043c \u043f\u0440\u0435\u0438\u043c\u0443\u0449\u0435\u0441\u0442\u0432\u043e\u043c \u044f\u0432\u043b\u044f\u0435\u0442\u0441\u044f \u0435\u0433\u043e \u043d\u043e\u0432\u0438\u0437\u043d\u0430 \u0438 \u0441\u043f\u043e\u043a\u043e\u0439\u043d\u0430\u044f \u043e\u0431\u0441\u0442\u0430\u043d\u043e\u0432\u043a\u0430, \u0447\u0442\u043e \u0434\u0435\u043b\u0430\u0435\u0442 \u0435\u0433\u043e \u0438\u0434\u0435\u0430\u043b\u044c\u043d\u044b\u043c \u0434\u043b\u044f \u0442\u0435\u0445, \u043a\u0442\u043e \u043f\u0440\u0435\u0434\u043f\u043e\u0447\u0438\u0442\u0430\u0435\u0442 \u0431\u043e\u043b\u0435\u0435 \u0441\u043f\u043e\u043a\u043e\u0439\u043d\u044b\u0439 \u043e\u0442\u0434\u044b\u0445. \u0413\u043e\u0441\u0442\u0438 \u044d\u0442\u043e\u0433\u043e \u043e\u0442\u0435\u043b\u044f \u0442\u0430\u043a\u0436\u0435 \u043c\u043e\u0433\u0443\u0442 \u043f\u043e\u043b\u044c\u0437\u043e\u0432\u0430\u0442\u044c\u0441\u044f \u0432\u0441\u0435\u043c\u0438 \u0443\u0441\u043b\u0443\u0433\u0430\u043c\u0438 \u0438 \u0438\u043d\u0444\u0440\u0430\u0441\u0442\u0440\u0443\u043a\u0442\u0443\u0440\u043e\u0439 \u0434\u0432\u0443\u0445 \u0434\u0440\u0443\u0433\u0438\u0445 \u043e\u0442\u0435\u043b\u0435\u0439 (\u0437\u0430 \u0438\u0441\u043a\u043b\u044e\u0447\u0435\u043d\u0438\u0435\u043c \u043e\u0441\u043d\u043e\u0432\u043d\u044b\u0445 \u0440\u0435\u0441\u0442\u043e\u0440\u0430\u043d\u043e\u0432).<\/p>\n<h5>Lonicera Resort &amp; SPA 5 \u2013 \u043f\u0440\u043e\u0441\u0442\u043e\u0440\u043d\u044b\u0435 \u043d\u043e\u043c\u0435\u0440\u0430 \u0438 \u043f\u0440\u0435\u043a\u0440\u0430\u0441\u043d\u044b\u0435 \u0432\u0438\u0434\u044b<\/h5>\n<p><strong><a href=\"https:\/\/www.lonicera.com.tr\/EN\/Resort\/index.html\">Lonicera Resort &amp; SPA 5*<\/a><\/strong> \u043e\u0442\u043b\u0438\u0447\u043d\u044b\u0439 \u0432\u044b\u0431\u043e\u0440 \u0434\u043b\u044f \u0442\u0435\u0445, \u043a\u0442\u043e \u0446\u0435\u043d\u0438\u0442 \u043f\u0440\u043e\u0441\u0442\u043e\u0440\u043d\u044b\u0435 \u0438 \u0443\u044e\u0442\u043d\u044b\u0435 \u043d\u043e\u043c\u0435\u0440\u0430, \u043f\u0440\u0435\u043a\u0440\u0430\u0441\u043d\u044b\u0435 \u0432\u0438\u0434\u044b \u0438 \u0431\u043e\u043b\u044c\u0448\u0438\u0435 \u0437\u0434\u0430\u043d\u0438\u044f. \u042d\u0442\u043e\u0442 \u043e\u0442\u0435\u043b\u044c \u043f\u0440\u0435\u0434\u043b\u0430\u0433\u0430\u0435\u0442 \u0431\u043e\u043b\u0435\u0435 \u0440\u043e\u0441\u043a\u043e\u0448\u043d\u044b\u0435 \u043d\u043e\u043c\u0435\u0440\u0430 \u0438 \u0438\u0434\u0435\u0430\u043b\u044c\u043d\u043e \u043f\u043e\u0434\u0445\u043e\u0434\u0438\u0442 \u043a\u0430\u043a \u0434\u043b\u044f \u0441\u0435\u043c\u0435\u0439, \u0442\u0430\u043a \u0438 \u0434\u043b\u044f \u043f\u0430\u0440, \u0436\u0435\u043b\u0430\u044e\u0449\u0438\u0445 \u043d\u0430\u0441\u043b\u0430\u0434\u0438\u0442\u044c\u0441\u044f \u043a\u0430\u0447\u0435\u0441\u0442\u0432\u0435\u043d\u043d\u044b\u043c \u043e\u0431\u0441\u043b\u0443\u0436\u0438\u0432\u0430\u043d\u0438\u0435\u043c \u0438 \u0443\u0434\u043e\u0431\u0441\u0442\u0432\u0430\u043c\u0438. \u042d\u0442\u043e \u0433\u043b\u0430\u0432\u043d\u043e\u0435 \u0437\u0434\u0430\u043d\u0438\u0435 \u0433\u043e\u0441\u0442\u0438\u043d\u0438\u0447\u043d\u043e\u0433\u043e \u043a\u043e\u043c\u043f\u043b\u0435\u043a\u0441\u0430, \u043e\u0442\u043a\u0443\u0434\u0430 \u043b\u0435\u0433\u043a\u043e \u0438 \u0443\u0434\u043e\u0431\u043d\u043e \u0434\u043e\u0431\u0438\u0440\u0430\u0442\u044c\u0441\u044f \u043a\u0443\u0434\u0430 \u0443\u0433\u043e\u0434\u043d\u043e. \u0412 \u044d\u0442\u043e\u043c \u0437\u0434\u0430\u043d\u0438\u0438 \u0442\u0430\u043a\u0436\u0435 \u0438\u043c\u0435\u044e\u0442\u0441\u044f \u0431\u043e\u043b\u0435\u0435 \u0443\u0434\u043e\u0431\u043d\u044b\u0435 \u0438 \u043f\u0440\u043e\u0441\u0442\u043e\u0440\u043d\u044b\u0435 \u043d\u043e\u043c\u0435\u0440\u0430 \u0434\u043b\u044f \u0431\u043e\u043b\u044c\u0448\u0438\u0445 \u0441\u0435\u043c\u0435\u0439.<\/p>\n<h5>Lonicera World 4 \u2013 \u0434\u043e\u0441\u0442\u0443\u043f\u043d\u043e\u0435 \u0436\u0438\u043b\u044c\u0435 \u0441 \u0443\u0434\u043e\u0431\u0441\u0442\u0432\u0430\u043c\u0438<\/h5>\n<p><a href=\"https:\/\/www.lonicera.com.tr\/EN\/World\/index.html\"><strong>Lonicera World 4*<\/strong><\/a> \u0440\u0430\u0441\u043f\u043e\u043b\u043e\u0436\u0435\u043d \u043d\u0430 \u0442\u043e\u0439 \u0436\u0435 \u0442\u0435\u0440\u0440\u0438\u0442\u043e\u0440\u0438\u0438, \u043d\u043e \u0441\u043e\u0441\u0442\u043e\u0438\u0442 \u0438\u0437 \u0431\u043e\u043b\u0435\u0435 \u043d\u0438\u0437\u043a\u0438\u0445 \u0438 \u0431\u043e\u043b\u0435\u0435 \u0448\u0438\u0440\u043e\u043a\u043e \u0440\u0430\u0441\u043f\u043e\u043b\u043e\u0436\u0435\u043d\u043d\u044b\u0445 \u0437\u0434\u0430\u043d\u0438\u0439. \u0425\u043e\u0442\u044f \u0432 \u0446\u0435\u043b\u043e\u043c \u043d\u043e\u043c\u0435\u0440\u0430 \u043d\u0430\u0445\u043e\u0434\u044f\u0442\u0441\u044f \u0432 \u0445\u043e\u0440\u043e\u0448\u0435\u043c \u0441\u043e\u0441\u0442\u043e\u044f\u043d\u0438\u0438, \u043a\u043e\u0435-\u0433\u0434\u0435 \u043c\u043e\u0436\u043d\u043e \u0437\u0430\u043c\u0435\u0442\u0438\u0442\u044c \u043f\u0440\u0438\u0437\u043d\u0430\u043a\u0438 \u0441\u0442\u0430\u0440\u0435\u043d\u0438\u044f. \u0422\u0435\u043c \u043d\u0435 \u043c\u0435\u043d\u0435\u0435, \u044d\u0442\u043e\u0442 \u043e\u0442\u0435\u043b\u044c \u0441\u0442\u0430\u043d\u0435\u0442 \u043e\u0442\u043b\u0438\u0447\u043d\u044b\u043c \u0432\u044b\u0431\u043e\u0440\u043e\u043c \u0434\u043b\u044f \u0442\u0435\u0445, \u043a\u0442\u043e \u0438\u0449\u0435\u0442 \u0431\u043e\u043b\u0435\u0435 \u0434\u043e\u0441\u0442\u0443\u043f\u043d\u043e\u0435 \u043f\u043e \u0446\u0435\u043d\u0435 \u0440\u0430\u0437\u043c\u0435\u0449\u0435\u043d\u0438\u0435, \u043d\u043e \u043f\u0440\u0438 \u044d\u0442\u043e\u043c \u0445\u043e\u0447\u0435\u0442 \u043f\u043e\u043b\u044c\u0437\u043e\u0432\u0430\u0442\u044c\u0441\u044f \u0443\u0434\u043e\u0431\u0441\u0442\u0432\u0430\u043c\u0438 \u0432\u0441\u0435\u0433\u043e \u043a\u043e\u043c\u043f\u043b\u0435\u043a\u0441\u0430.<\/p>\n<h5><strong>\u041c\u043d\u043e\u0436\u0435\u0441\u0442\u0432\u043e \u043c\u0435\u0440\u043e\u043f\u0440\u0438\u044f\u0442\u0438\u0439 \u0438 \u0440\u0430\u0437\u0432\u043b\u0435\u0447\u0435\u043d\u0438\u0439 \u0434\u043b\u044f \u0434\u0435\u0442\u0435\u0439<\/strong><\/h5>\n<p>\u041e\u0442\u0435\u043b\u0438 Lonicera \u0441\u043b\u0430\u0432\u044f\u0442\u0441\u044f \u0441\u0432\u043e\u0438\u043c\u0438 \u0432\u0435\u043b\u0438\u043a\u043e\u043b\u0435\u043f\u043d\u044b\u043c\u0438 \u0434\u0435\u0442\u0441\u043a\u0438\u043c\u0438 \u0430\u0442\u0442\u0440\u0430\u043a\u0446\u0438\u043e\u043d\u0430\u043c\u0438. \u041d\u0430 \u0442\u0435\u0440\u0440\u0438\u0442\u043e\u0440\u0438\u0438 \u043a\u043e\u043c\u043f\u043b\u0435\u043a\u0441\u0430 \u0435\u0441\u0442\u044c \u043d\u0435\u0441\u043a\u043e\u043b\u044c\u043a\u043e \u0434\u0435\u0442\u0441\u043a\u0438\u0445 \u0431\u0430\u0441\u0441\u0435\u0439\u043d\u043e\u0432, \u0430\u043a\u0432\u0430\u043f\u0430\u0440\u043a \u0441 \u0433\u043e\u0440\u043a\u0430\u043c\u0438, \u0438\u0433\u0440\u043e\u0432\u044b\u0435 \u043f\u043b\u043e\u0449\u0430\u0434\u043a\u0438 \u0438 \u0441\u043f\u0435\u0446\u0438\u0430\u043b\u044c\u043d\u044b\u0435 \u0434\u0435\u0442\u0441\u043a\u0438\u0435 \u043a\u043b\u0443\u0431\u044b, \u0433\u0434\u0435 \u043e\u0440\u0433\u0430\u043d\u0438\u0437\u0443\u044e\u0442\u0441\u044f \u0440\u0430\u0437\u043b\u0438\u0447\u043d\u044b\u0435 \u043c\u0435\u0440\u043e\u043f\u0440\u0438\u044f\u0442\u0438\u044f \u0438 \u043c\u0430\u0441\u0442\u0435\u0440-\u043a\u043b\u0430\u0441\u0441\u044b. \u041a\u0440\u043e\u043c\u0435 \u0442\u043e\u0433\u043e, \u0432 \u043e\u0442\u0435\u043b\u0435 \u043f\u0440\u043e\u0432\u043e\u0434\u044f\u0442\u0441\u044f \u0435\u0436\u0435\u0432\u0435\u0447\u0435\u0440\u043d\u0438\u0435 \u0440\u0430\u0437\u0432\u043b\u0435\u043a\u0430\u0442\u0435\u043b\u044c\u043d\u044b\u0435 \u043f\u0440\u043e\u0433\u0440\u0430\u043c\u043c\u044b, \u0440\u0430\u0441\u0441\u0447\u0438\u0442\u0430\u043d\u043d\u044b\u0435 \u043a\u0430\u043a \u043d\u0430 \u0434\u0435\u0442\u0435\u0439, \u0442\u0430\u043a \u0438 \u043d\u0430 \u0432\u0437\u0440\u043e\u0441\u043b\u044b\u0445.<\/p>\n<h5><strong>\u041f\u0440\u0435\u043a\u0440\u0430\u0441\u043d\u0430\u044f \u0431\u0435\u0440\u0435\u0433\u043e\u0432\u0430\u044f \u043b\u0438\u043d\u0438\u044f \u0438 \u043f\u043e\u0441\u0442\u043e\u044f\u043d\u043d\u044b\u0435 \u043f\u043e\u0441\u0435\u0442\u0438\u0442\u0435\u043b\u0438<\/strong><\/h5>\n<p>\u041e\u0434\u043d\u0438\u043c \u0438\u0437 \u0433\u043b\u0430\u0432\u043d\u044b\u0445 \u043f\u0440\u0435\u0438\u043c\u0443\u0449\u0435\u0441\u0442\u0432 \u043e\u0442\u0435\u043b\u0435\u0439 Lonicera \u044f\u0432\u043b\u044f\u0435\u0442\u0441\u044f \u043f\u0440\u0435\u043a\u0440\u0430\u0441\u043d\u0430\u044f \u0438 \u043f\u0440\u043e\u0441\u0442\u043e\u0440\u043d\u0430\u044f \u0431\u0435\u0440\u0435\u0433\u043e\u0432\u0430\u044f \u043b\u0438\u043d\u0438\u044f, \u043a\u043e\u0442\u043e\u0440\u0430\u044f \u043f\u0440\u0435\u0434\u043e\u0441\u0442\u0430\u0432\u043b\u044f\u0435\u0442 \u043f\u0440\u0435\u043a\u0440\u0430\u0441\u043d\u0443\u044e \u0432\u043e\u0437\u043c\u043e\u0436\u043d\u043e\u0441\u0442\u044c \u043d\u0430\u0441\u043b\u0430\u0434\u0438\u0442\u044c\u0441\u044f \u0442\u0443\u0440\u0435\u0446\u043a\u0438\u043c \u0441\u043e\u043b\u043d\u0446\u0435\u043c \u0438 \u043a\u0440\u0438\u0441\u0442\u0430\u043b\u044c\u043d\u043e \u0447\u0438\u0441\u0442\u043e\u0439 \u043c\u043e\u0440\u0441\u043a\u043e\u0439 \u0432\u043e\u0434\u043e\u0439. \u0411\u043b\u0430\u0433\u043e\u0434\u0430\u0440\u044f \u0440\u0430\u0437\u043d\u043e\u043e\u0431\u0440\u0430\u0437\u043d\u044b\u043c \u0443\u0441\u043b\u0443\u0433\u0430\u043c \u0438 \u043a\u0430\u0447\u0435\u0441\u0442\u0432\u0435\u043d\u043d\u043e\u043c\u0443 \u043e\u0442\u0434\u044b\u0445\u0443 \u043c\u043d\u043e\u0433\u0438\u0435 \u043a\u043b\u0438\u0435\u043d\u0442\u044b \u0432\u043e\u0437\u0432\u0440\u0430\u0449\u0430\u044e\u0442\u0441\u044f \u0432 Lonicera \u0438\u0437 \u0433\u043e\u0434\u0430 \u0432 \u0433\u043e\u0434, \u043d\u0430\u0445\u043e\u0434\u044f \u0437\u0434\u0435\u0441\u044c \u0441\u0432\u043e\u0435 \u043b\u044e\u0431\u0438\u043c\u043e\u0435 \u043c\u0435\u0441\u0442\u043e \u043e\u0442\u0434\u044b\u0445\u0430.<\/p>\n<p>\u0412\u0430\u0441 \u0436\u0434\u0435\u0442 \u0442\u0443\u0440\u0438\u0441\u0442\u0438\u0447\u0435\u0441\u043a\u0438\u0439 \u043e\u0442\u043f\u0443\u0441\u043a \u0432 \u0422\u0443\u0440\u0446\u0438\u0438 \u2013 <strong>\u043b\u0435\u0442\u0430\u0439\u0442\u0435 \u0441 \u041a\u043e\u043a\u043e\u0441\u043e\u043c!<\/strong><\/p>\n\t\t\t\t\t\t\t\t<\/div>\n\t\t\t\t<\/div>\n\t\t\t\t<\/div>\n\t\t<div class=\"elementor-element elementor-element-bc1c8dc e-flex e-con-boxed e-con e-parent\" data-id=\"bc1c8dc\" data-element_type=\"container\" data-e-type=\"container\">\n\t\t\t\t\t<div class=\"e-con-inner\">\n\t\t\t\t<div class=\"elementor-element elementor-element-2e1a25d elementor-widget elementor-widget-html\" data-id=\"2e1a25d\" data-element_type=\"widget\" data-e-type=\"widget\" data-widget_type=\"html.default\">\n\t\t\t\t<div class=\"elementor-widget-container\">\n\t\t\t\t\t<div id=\"waavo-insert-iframe\" class=\"waavo-iframes\" data-cookie-agreement=\"1\" data-https=\"true\" data-host=\"kookosreis.waavo.com\" data-language=\"est\" data-url=\"\/travels_search\/hotel\/city_id:2175\/departure_date:2025-05-03\/departure_airport:TLL\/adults:2\/children:0\/duration:7-10\/language:est\/showPricePerPerson:0\/back:1\/6069373\/\"><\/div>\n                <script type=\"text\/javascript\" src=\"https:\/\/www.waavo.com\/js\/waavo_loader.min.js\"><\/script>\n\t\t\t\t<\/div>\n\t\t\t\t<\/div>\n\t\t\t\t\t<\/div>\n\t\t\t\t<\/div>\n\t\t\t\t<\/div>","protected":false},"excerpt":{"rendered":"<p>Lonicera hotellid \u2013 ideaalne valik perepuhkuseks Antalya rannikul! Kui otsid T\u00fcrgis Antalya rannikul ideaalset hotelli perepuhkuseks, siis Lonicera hotellide kett on suurep\u00e4rane valik. See koosneb kolmest k\u00f5rvuti asuvast hotellist, mille k\u00fclalised saavad kasutada kogu kompleksi infrastruktuuri, baare ja teenuseid. Igal hotellil on oma restoran, mida saavad kasutada vaid vastava hotelli k\u00fclastajad. Lisaks asub hotellikompleksi vahetus [&hellip;]<\/p>\n","protected":false},"author":1,"featured_media":1185,"parent":0,"menu_order":0,"comment_status":"closed","ping_status":"closed","template":"elementor_theme","meta":{"_eb_attr":"","om_disable_all_campaigns":false,"_monsterinsights_skip_tracking":false,"_monsterinsights_sitenote_active":false,"_monsterinsights_sitenote_note":"","_monsterinsights_sitenote_category":0,"site-sidebar-layout":"default","site-content-layout":"","ast-site-content-layout":"default","site-content-style":"default","site-sidebar-style":"default","ast-global-header-display":"","ast-banner-title-visibility":"","ast-main-header-display":"","ast-hfb-above-header-display":"","ast-hfb-below-header-display":"","ast-hfb-mobile-header-display":"","site-post-title":"","ast-breadcrumbs-content":"","ast-featured-img":"","footer-sml-layout":"","ast-disable-related-posts":"","theme-transparent-header-meta":"","adv-header-id-meta":"","stick-header-meta":"","header-above-stick-meta":"","header-main-stick-meta":"","header-below-stick-meta":"","astra-migrate-meta-layouts":"set","ast-page-background-enabled":"default","ast-page-background-meta":{"desktop":{"background-color":"var(--ast-global-color-4)","background-image":"","background-repeat":"repeat","background-position":"center center","background-size":"auto","background-attachment":"scroll","background-type":"","background-media":"","overlay-type":"","overlay-color":"","overlay-opacity":"","overlay-gradient":""},"tablet":{"background-color":"","background-image":"","background-repeat":"repeat","background-position":"center center","background-size":"auto","background-attachment":"scroll","background-type":"","background-media":"","overlay-type":"","overlay-color":"","overlay-opacity":"","overlay-gradient":""},"mobile":{"background-color":"","background-image":"","background-repeat":"repeat","background-position":"center center","background-size":"auto","background-attachment":"scroll","background-type":"","background-media":"","overlay-type":"","overlay-color":"","overlay-opacity":"","overlay-gradient":""}},"ast-content-background-meta":{"desktop":{"background-color":"var(--ast-global-color-5)","background-image":"","background-repeat":"repeat","background-position":"center center","background-size":"auto","background-attachment":"scroll","background-type":"","background-media":"","overlay-type":"","overlay-color":"","overlay-opacity":"","overlay-gradient":""},"tablet":{"background-color":"var(--ast-global-color-5)","background-image":"","background-repeat":"repeat","background-position":"center center","background-size":"auto","background-attachment":"scroll","background-type":"","background-media":"","overlay-type":"","overlay-color":"","overlay-opacity":"","overlay-gradient":""},"mobile":{"background-color":"var(--ast-global-color-5)","background-image":"","background-repeat":"repeat","background-position":"center center","background-size":"auto","background-attachment":"scroll","background-type":"","background-media":"","overlay-type":"","overlay-color":"","overlay-opacity":"","overlay-gradient":""}},"footnotes":""},"class_list":["post-1171","page","type-page","status-publish","has-post-thumbnail","hentry"],"aioseo_notices":[],"_links":{"self":[{"href":"https:\/\/www.kookosreis.ee\/ru\/wp-json\/wp\/v2\/pages\/1171","targetHints":{"allow":["GET"]}}],"collection":[{"href":"https:\/\/www.kookosreis.ee\/ru\/wp-json\/wp\/v2\/pages"}],"about":[{"href":"https:\/\/www.kookosreis.ee\/ru\/wp-json\/wp\/v2\/types\/page"}],"author":[{"embeddable":true,"href":"https:\/\/www.kookosreis.ee\/ru\/wp-json\/wp\/v2\/users\/1"}],"replies":[{"embeddable":true,"href":"https:\/\/www.kookosreis.ee\/ru\/wp-json\/wp\/v2\/comments?post=1171"}],"version-history":[{"count":22,"href":"https:\/\/www.kookosreis.ee\/ru\/wp-json\/wp\/v2\/pages\/1171\/revisions"}],"predecessor-version":[{"id":2467,"href":"https:\/\/www.kookosreis.ee\/ru\/wp-json\/wp\/v2\/pages\/1171\/revisions\/2467"}],"wp:featuredmedia":[{"embeddable":true,"href":"https:\/\/www.kookosreis.ee\/ru\/wp-json\/wp\/v2\/media\/1185"}],"wp:attachment":[{"href":"https:\/\/www.kookosreis.ee\/ru\/wp-json\/wp\/v2\/media?parent=1171"}],"curies":[{"name":"WP","href":"https:\/\/api.w.org\/{rel}","templated":true}]}}