{"id":1493,"date":"2025-03-01T16:23:06","date_gmt":"2025-03-01T14:23:06","guid":{"rendered":"https:\/\/www.kookosreis.ee\/?page_id=1493"},"modified":"2025-03-26T16:09:44","modified_gmt":"2025-03-26T14:09:44","slug":"crystal-flora-beach-resort-5","status":"publish","type":"page","link":"https:\/\/www.kookosreis.ee\/ru\/crystal-flora-beach-resort-5\/","title":{"rendered":"\u041a\u0443\u0440\u043e\u0440\u0442\u043d\u044b\u0439 \u043e\u0442\u0435\u043b\u044c Crystal Flora Beach 5*"},"content":{"rendered":"<div data-elementor-type=\"wp-page\" data-elementor-id=\"1493\" class=\"elementor elementor-1493\">\n\t\t\t\t<main class=\"elementor-element elementor-element-79e5c28d e-con-full e-flex e-con e-parent\" data-id=\"79e5c28d\" data-element_type=\"container\" data-e-type=\"container\">\n\t\t\t\t<div class=\"elementor-element elementor-element-640ce634 elementor-widget elementor-widget-text-editor\" data-id=\"640ce634\" data-element_type=\"widget\" data-e-type=\"widget\" data-widget_type=\"text-editor.default\">\n\t\t\t\t<div class=\"elementor-widget-container\">\n\t\t\t\t\t\t\t\t\t\n<p data-start=\"0\" data-end=\"262\">\u0414\u043e\u0431\u0440\u043e \u043f\u043e\u0436\u0430\u043b\u043e\u0432\u0430\u0442\u044c <strong data-start=\"14\" data-end=\"46\">\u041a\u0443\u0440\u043e\u0440\u0442\u043d\u044b\u0439 \u043e\u0442\u0435\u043b\u044c Crystal Flora Beach 5<\/strong>*, \u0440\u043e\u0441\u043a\u043e\u0448\u043d\u044b\u0439 \u0440\u0430\u0439, \u043a\u043e\u0442\u043e\u0440\u044b\u0439 \u043b\u044e\u0431\u044f\u0442 \u044d\u0441\u0442\u043e\u043d\u0441\u043a\u0438\u0435 \u0442\u0443\u0440\u0438\u0441\u0442\u044b \u0437\u0430 \u0438\u0441\u043a\u043b\u044e\u0447\u0438\u0442\u0435\u043b\u044c\u043d\u044b\u0439 \u0441\u0435\u0440\u0432\u0438\u0441, \u043f\u043e\u0442\u0440\u044f\u0441\u0430\u044e\u0449\u0443\u044e \u043f\u0440\u0438\u0440\u043e\u0434\u043d\u0443\u044e \u043a\u0440\u0430\u0441\u043e\u0442\u0443 \u0438 \u0435\u0436\u0435\u0433\u043e\u0434\u043d\u044b\u0435 \u0440\u0430\u0431\u043e\u0442\u044b \u043f\u043e \u0440\u0430\u0437\u0432\u0438\u0442\u0438\u044e \u0433\u043e\u0441\u0442\u0438\u043d\u0438\u0447\u043d\u043e\u0433\u043e \u043a\u043e\u043c\u043f\u043b\u0435\u043a\u0441\u0430. \u042d\u0442\u043e\u0442 \u043e\u0442\u0435\u043b\u044c \u2014 \u0438\u0434\u0435\u0430\u043b\u044c\u043d\u044b\u0439 \u0432\u044b\u0431\u043e\u0440 \u0434\u043b\u044f \u0442\u0435\u0445, \u043a\u0442\u043e \u0438\u0449\u0435\u0442 \u043a\u0430\u0447\u0435\u0441\u0442\u0432\u0435\u043d\u043d\u044b\u0439 \u043e\u0442\u0434\u044b\u0445 \u0432 \u0433\u043e\u0440\u043d\u043e\u043c \u0440\u0435\u0433\u0438\u043e\u043d\u0435 \u041a\u0435\u043c\u0435\u0440 \u0432 \u0422\u0443\u0440\u0446\u0438\u0438!<\/p>\n<p data-start=\"264\" data-end=\"326\">\u0413\u043e\u0441\u0442\u0438 \u043e\u0442\u0435\u043b\u044f \u043e\u0442\u043c\u0435\u0447\u0430\u044e\u0442 \u0441\u043b\u0435\u0434\u0443\u044e\u0449\u0438\u0435 \u0443\u043d\u0438\u043a\u0430\u043b\u044c\u043d\u044b\u0435 \u043e\u0441\u043e\u0431\u0435\u043d\u043d\u043e\u0441\u0442\u0438:<\/p>\n<p data-start=\"328\" data-end=\"632\">\ud83c\udfd6\ufe0f <strong data-start=\"332\" data-end=\"373\">\u0427\u0430\u0441\u0442\u043d\u0430\u044f \u0431\u0435\u0440\u0435\u0433\u043e\u0432\u0430\u044f \u043b\u0438\u043d\u0438\u044f \u0438 \u043f\u0440\u0438\u0440\u043e\u0434\u043d\u044b\u0439 \u0437\u0430\u043f\u043e\u0432\u0435\u0434\u043d\u0438\u043a<\/strong><br data-start=\"373\" data-end=\"376\" \/>Crystal Flora Beach Resort 5* \u0440\u0430\u0441\u043f\u043e\u043b\u043e\u0436\u0435\u043d \u043d\u0430 \u043f\u0435\u0440\u0432\u043e\u0439 \u043b\u0438\u043d\u0438\u0438 \u043f\u043b\u044f\u0436\u0430 \u0441 \u043a\u0440\u0438\u0441\u0442\u0430\u043b\u044c\u043d\u043e \u0447\u0438\u0441\u0442\u043e\u0439 \u0432\u043e\u0434\u043e\u0439. \u041f\u043e\u0441\u0435\u0442\u0438\u0442\u0435\u043b\u0438 \u043c\u043e\u0433\u0443\u0442 \u043d\u0430\u0441\u043b\u0430\u0434\u0438\u0442\u044c\u0441\u044f \u043e\u0442\u0434\u044b\u0445\u043e\u043c \u0432 \u0441\u043f\u043e\u043a\u043e\u0439\u043d\u043e\u0439 \u0438 \u044d\u043a\u0441\u043a\u043b\u044e\u0437\u0438\u0432\u043d\u043e\u0439 \u0430\u0442\u043c\u043e\u0441\u0444\u0435\u0440\u0435, \u0432\u0434\u0430\u043b\u0438 \u043e\u0442 \u0442\u043e\u043b\u043f\u044b. \u0421\u043e\u0431\u0441\u0442\u0432\u0435\u043d\u043d\u0430\u044f \u043f\u043b\u044f\u0436\u043d\u0430\u044f \u043f\u043e\u043b\u043e\u0441\u0430 \u0438 \u043f\u0440\u0435\u0432\u043e\u0441\u0445\u043e\u0434\u043d\u043e\u0435 \u043e\u0431\u0441\u043b\u0443\u0436\u0438\u0432\u0430\u043d\u0438\u0435 \u0433\u0430\u0440\u0430\u043d\u0442\u0438\u0440\u0443\u044e\u0442, \u0447\u0442\u043e \u043a\u0430\u0436\u0434\u044b\u0439 \u043c\u043e\u043c\u0435\u043d\u0442 \u0431\u0443\u0434\u0435\u0442 \u043d\u0430\u043f\u043e\u043b\u043d\u0435\u043d \u043a\u043e\u043c\u0444\u043e\u0440\u0442\u043e\u043c \u0438 \u043e\u0442\u0434\u044b\u0445\u043e\u043c.<\/p>\n<p data-start=\"634\" data-end=\"917\">\ud83c\udf3f <strong data-start=\"637\" data-end=\"678\">\u041d\u043e\u0432\u044b\u0435 \u0436\u0438\u043b\u044b\u0435 \u0440\u0430\u0439\u043e\u043d\u044b \u0438 \u043d\u0435\u043f\u0440\u0435\u0440\u044b\u0432\u043d\u043e\u0435 \u0440\u0430\u0437\u0432\u0438\u0442\u0438\u0435<\/strong><br data-start=\"678\" data-end=\"681\" \/>Crystal Flora \u0432\u044b\u0434\u0435\u043b\u044f\u0435\u0442\u0441\u044f \u043f\u043e\u0441\u0442\u043e\u044f\u043d\u043d\u044b\u043c\u0438 \u0438\u043d\u043d\u043e\u0432\u0430\u0446\u0438\u044f\u043c\u0438. \u0413\u043e\u0434 \u0437\u0430 \u0433\u043e\u0434\u043e\u043c \u0441\u0442\u0440\u043e\u044f\u0442\u0441\u044f \u043d\u043e\u0432\u044b\u0435 \u0437\u0434\u0430\u043d\u0438\u044f \u0438 \u0440\u0435\u043a\u043e\u043d\u0441\u0442\u0440\u0443\u0438\u0440\u0443\u044e\u0442\u0441\u044f \u0441\u0443\u0449\u0435\u0441\u0442\u0432\u0443\u044e\u0449\u0438\u0435, \u043f\u0440\u0435\u0434\u043b\u0430\u0433\u0430\u044f \u043f\u043e\u0441\u0435\u0442\u0438\u0442\u0435\u043b\u044f\u043c \u0435\u0449\u0435 \u0431\u043e\u043b\u044c\u0448\u0435 \u043a\u043e\u043c\u0444\u043e\u0440\u0442\u0430, \u0431\u043e\u043b\u0435\u0435 \u0441\u043e\u0432\u0440\u0435\u043c\u0435\u043d\u043d\u044b\u0435 \u043d\u043e\u043c\u0435\u0440\u0430 \u0438 \u043d\u043e\u0432\u0435\u0439\u0448\u0438\u0435 \u0443\u0441\u043b\u0443\u0433\u0438, \u043a\u043e\u0442\u043e\u0440\u044b\u0435 \u0441\u0434\u0435\u043b\u0430\u044e\u0442 \u0432\u0430\u0448 \u043e\u0442\u0434\u044b\u0445 \u0435\u0449\u0435 \u0431\u043e\u043b\u0435\u0435 \u043e\u0441\u043e\u0431\u0435\u043d\u043d\u044b\u043c.<\/p>\n<p data-start=\"919\" data-end=\"1225\">\ud83c\udf7d\ufe0f <strong data-start=\"923\" data-end=\"952\">\u041a\u0443\u043b\u0438\u043d\u0430\u0440\u043d\u044b\u0435 \u0448\u0435\u0434\u0435\u0432\u0440\u044b<\/strong><br data-start=\"952\" data-end=\"955\" \/>\u0420\u0435\u0441\u0442\u043e\u0440\u0430\u043d\u044b \u043e\u0442\u0435\u043b\u044f \u043f\u0440\u0435\u0434\u043b\u0430\u0433\u0430\u044e\u0442 \u0448\u0438\u0440\u043e\u043a\u0438\u0439 \u0432\u044b\u0431\u043e\u0440 \u0431\u043b\u044e\u0434 \u0438\u043d\u0442\u0435\u0440\u043d\u0430\u0446\u0438\u043e\u043d\u0430\u043b\u044c\u043d\u043e\u0439 \u0438 \u043c\u0435\u0441\u0442\u043d\u043e\u0439 \u043a\u0443\u0445\u043d\u0438. \u0413\u043e\u0441\u0442\u0438 \u043e\u0441\u043e\u0431\u0435\u043d\u043d\u043e \u0445\u0432\u0430\u043b\u044f\u0442 \u0441\u0432\u0435\u0436\u0435\u0441\u0442\u044c \u0438 \u0441\u043e\u0447\u043d\u043e\u0441\u0442\u044c \u043c\u0435\u0441\u0442\u043d\u044b\u0445 \u043c\u043e\u0440\u0435\u043f\u0440\u043e\u0434\u0443\u043a\u0442\u043e\u0432. \u0412 \u043e\u0442\u0435\u043b\u0435 Crystal Flora Beach Resort 5* \u0435\u0441\u0442\u044c \u0442\u0440\u0438 \u0440\u0435\u0441\u0442\u043e\u0440\u0430\u043d\u0430 a&#039;la carte, \u0433\u0434\u0435 \u0432\u044b \u043c\u043e\u0436\u0435\u0442\u0435 \u043d\u0430\u0441\u043b\u0430\u0436\u0434\u0430\u0442\u044c\u0441\u044f \u0438\u0437\u044b\u0441\u043a\u0430\u043d\u043d\u044b\u043c\u0438 \u0431\u043b\u044e\u0434\u0430\u043c\u0438 \u043a\u0430\u0436\u0434\u044b\u0439 \u0434\u0435\u043d\u044c.<\/p>\n<p data-start=\"1227\" data-end=\"1557\">\ud83d\udc86\u200d\u2640\ufe0f <strong data-start=\"1233\" data-end=\"1256\">\u0420\u0430\u0441\u0441\u043b\u0430\u0431\u043b\u0435\u043d\u0438\u0435 \u0438 \u0431\u043b\u0430\u0433\u043e\u043f\u043e\u043b\u0443\u0447\u0438\u0435<\/strong><br data-start=\"1256\" data-end=\"1259\" \/>\u041e\u0442\u0435\u043b\u044c \u043f\u0440\u0435\u0434\u043b\u0430\u0433\u0430\u0435\u0442 \u0441\u043f\u0430- \u0438 \u043e\u0437\u0434\u043e\u0440\u043e\u0432\u0438\u0442\u0435\u043b\u044c\u043d\u044b\u0435 \u0443\u0441\u043b\u0443\u0433\u0438, \u043a\u043e\u0442\u043e\u0440\u044b\u0435 \u043f\u043e\u043c\u043e\u0433\u0443\u0442 \u0432\u043e\u0441\u0441\u0442\u0430\u043d\u043e\u0432\u0438\u0442\u044c \u0440\u0430\u0432\u043d\u043e\u0432\u0435\u0441\u0438\u0435 \u0442\u0435\u043b\u0430 \u0438 \u0440\u0430\u0437\u0443\u043c\u0430. \u0413\u043e\u0441\u0442\u0438 \u0432\u044b\u0441\u043e\u043a\u043e \u0446\u0435\u043d\u044f\u0442 \u0443\u0441\u043b\u0443\u0433\u0438 \u043f\u0440\u043e\u0444\u0435\u0441\u0441\u0438\u043e\u043d\u0430\u043b\u044c\u043d\u044b\u0445 \u0442\u0435\u0440\u0430\u043f\u0435\u0432\u0442\u043e\u0432 \u0438 \u0440\u0430\u0437\u043d\u043e\u043e\u0431\u0440\u0430\u0437\u0438\u0435 \u0441\u043f\u0430-\u0443\u0441\u043b\u0443\u0433. \u0417\u0434\u0435\u0441\u044c \u0432\u044b \u043d\u0430\u0439\u0434\u0435\u0442\u0435 \u0432\u0441\u0435 \u043d\u0435\u043e\u0431\u0445\u043e\u0434\u0438\u043c\u043e\u0435 \u0434\u043b\u044f \u043f\u043e\u043b\u043d\u043e\u0433\u043e \u0440\u0430\u0441\u0441\u043b\u0430\u0431\u043b\u0435\u043d\u0438\u044f \u2014 \u043e\u0442 \u043c\u0430\u0441\u0441\u0430\u0436\u0430 \u0434\u043e \u0440\u0430\u0437\u043b\u0438\u0447\u043d\u044b\u0445 \u043f\u0440\u043e\u0446\u0435\u0434\u0443\u0440 \u043f\u043e \u0443\u0445\u043e\u0434\u0443 \u0437\u0430 \u043b\u0438\u0446\u043e\u043c \u0438 \u0442\u0435\u043b\u043e\u043c.<\/p>\n<p data-start=\"1559\" data-end=\"1926\">\ud83c\udf89 <strong data-start=\"1562\" data-end=\"1597\">\u0420\u0430\u0437\u0432\u043b\u0435\u0447\u0435\u043d\u0438\u044f \u0438 \u0430\u043a\u0442\u0438\u0432\u043d\u044b\u0439 \u043e\u0442\u0434\u044b\u0445<\/strong><br data-start=\"1597\" data-end=\"1600\" \/>Crystal Flora Beach Resort 5* \u043f\u0440\u0435\u0434\u043b\u0430\u0433\u0430\u0435\u0442 \u0448\u0438\u0440\u043e\u043a\u0438\u0439 \u0432\u044b\u0431\u043e\u0440 \u0440\u0430\u0437\u0432\u043b\u0435\u043a\u0430\u0442\u0435\u043b\u044c\u043d\u044b\u0445 \u043f\u0440\u043e\u0433\u0440\u0430\u043c\u043c \u0438 \u0430\u043a\u0442\u0438\u0432\u043d\u044b\u0445 \u043c\u0435\u0440\u043e\u043f\u0440\u0438\u044f\u0442\u0438\u0439. \u0412\u043e\u0434\u043d\u044b\u0435 \u0432\u0438\u0434\u044b \u0441\u043f\u043e\u0440\u0442\u0430, \u0432\u0435\u0447\u0435\u0440\u043d\u0438\u0435 \u0448\u043e\u0443 \u0438 \u0440\u0430\u0437\u043d\u043e\u043e\u0431\u0440\u0430\u0437\u043d\u044b\u0435 \u043c\u0435\u0440\u043e\u043f\u0440\u0438\u044f\u0442\u0438\u044f \u0432 \u0434\u0435\u0442\u0441\u043a\u043e\u043c \u043a\u043b\u0443\u0431\u0435 \u2014 \u0432\u043e\u0442 \u043b\u0438\u0448\u044c \u043d\u0435\u043a\u043e\u0442\u043e\u0440\u044b\u0435 \u0438\u0437 \u043f\u0440\u0435\u0434\u043b\u0430\u0433\u0430\u0435\u043c\u044b\u0445 \u0440\u0430\u0437\u0432\u043b\u0435\u0447\u0435\u043d\u0438\u0439. \u0412 \u043e\u0442\u0435\u043b\u0435 \u0442\u0430\u043a\u0436\u0435 \u0435\u0441\u0442\u044c \u0430\u043a\u0432\u0430\u043f\u0430\u0440\u043a \u0441 \u043f\u043e\u0442\u0440\u044f\u0441\u0430\u044e\u0449\u0438\u043c\u0438 \u0432\u043e\u0434\u043d\u044b\u043c\u0438 \u0433\u043e\u0440\u043a\u0430\u043c\u0438 \u0438 \u0431\u0430\u0441\u0441\u0435\u0439\u043d\u0430\u043c\u0438, \u043f\u0440\u0435\u0434\u043b\u0430\u0433\u0430\u044e\u0449\u0438\u0439 \u0440\u0430\u0437\u0432\u043b\u0435\u0447\u0435\u043d\u0438\u044f \u0434\u043b\u044f \u0433\u043e\u0441\u0442\u0435\u0439 \u0432\u0441\u0435\u0445 \u0432\u043e\u0437\u0440\u0430\u0441\u0442\u043e\u0432.<\/p>\n<p data-start=\"1928\" data-end=\"2208\">\ud83c\udf05 <strong data-start=\"1931\" data-end=\"1963\">\u041f\u0430\u043d\u043e\u0440\u0430\u043c\u043d\u044b\u0435 \u0432\u0438\u0434\u044b \u0438 \u043a\u043e\u043d\u0444\u0438\u0434\u0435\u043d\u0446\u0438\u0430\u043b\u044c\u043d\u043e\u0441\u0442\u044c<\/strong><br data-start=\"1963\" data-end=\"1966\" \/>\u041d\u043e\u043c\u0435\u0440\u0430 \u043e\u0442\u0435\u043b\u044f \u0441\u043f\u0440\u043e\u0435\u043a\u0442\u0438\u0440\u043e\u0432\u0430\u043d\u044b \u0442\u0430\u043a\u0438\u043c \u043e\u0431\u0440\u0430\u0437\u043e\u043c, \u0447\u0442\u043e\u0431\u044b \u043e\u0431\u0435\u0441\u043f\u0435\u0447\u0438\u0442\u044c \u043c\u0430\u043a\u0441\u0438\u043c\u0430\u043b\u044c\u043d\u0443\u044e \u043a\u043e\u043d\u0444\u0438\u0434\u0435\u043d\u0446\u0438\u0430\u043b\u044c\u043d\u043e\u0441\u0442\u044c. \u0418\u0437 \u043d\u043e\u043c\u0435\u0440\u043e\u0432 \u043e\u0442\u043a\u0440\u044b\u0432\u0430\u0435\u0442\u0441\u044f \u043e\u0447\u0430\u0440\u043e\u0432\u0430\u0442\u0435\u043b\u044c\u043d\u044b\u0439 \u0432\u0438\u0434 \u043d\u0430 \u043c\u043e\u0440\u0435 \u0438\u043b\u0438 \u043f\u044b\u0448\u043d\u0443\u044e \u0437\u0435\u043b\u0435\u043d\u044c, \u0447\u0442\u043e \u043f\u043e\u0437\u0432\u043e\u043b\u044f\u0435\u0442 \u0432\u0430\u043c \u043d\u0430\u0441\u043b\u0430\u0436\u0434\u0430\u0442\u044c\u0441\u044f \u0432\u043e\u0441\u0445\u043e\u0434\u0430\u043c\u0438 \u0438 \u0437\u0430\u043a\u0430\u0442\u0430\u043c\u0438 \u043f\u0440\u044f\u043c\u043e \u0438\u0437 \u0441\u0432\u043e\u0435\u0433\u043e \u043d\u043e\u043c\u0435\u0440\u0430. \u0418\u0437 \u0431\u043e\u043b\u044c\u0448\u0438\u043d\u0441\u0442\u0432\u0430 \u043d\u043e\u043c\u0435\u0440\u043e\u0432 \u043e\u0442\u043a\u0440\u044b\u0432\u0430\u0435\u0442\u0441\u044f \u0432\u0435\u043b\u0438\u043a\u043e\u043b\u0435\u043f\u043d\u044b\u0439 \u0432\u0438\u0434 \u043d\u0430 \u043c\u043e\u0440\u0435.<br \/><br \/>\u0421\u0440\u0430\u0432\u043d\u0438\u0432\u0430\u044f Crystal Flora Beach Resort \u0441 \u0434\u0440\u0443\u0433\u0438\u043c\u0438 5-\u0437\u0432\u0435\u0437\u0434\u043e\u0447\u043d\u044b\u043c\u0438 \u043e\u0442\u0435\u043b\u044f\u043c\u0438 \u0432 \u0422\u0443\u0440\u0446\u0438\u0438, \u0442\u0430\u043a\u0438\u043c\u0438 \u043a\u0430\u043a <strong data-start=\"2350\" data-end=\"2368\">\u0414\u0432\u043e\u0440\u0435\u0446 \u0414\u0435\u043b\u044c\u0444\u0438\u043d<\/strong> \u0438\u043b\u0438 <strong data-start=\"2373\" data-end=\"2387\">\u041b\u0430\u0440\u0430 \u0411\u0430\u0440\u0443\u0442<\/strong>, \u0442\u043e Crystal Flora \u0432\u044b\u0434\u0435\u043b\u044f\u0435\u0442\u0441\u044f \u0441\u0432\u043e\u0438\u043c \u043f\u043e\u0441\u0442\u043e\u044f\u043d\u043d\u044b\u043c \u0440\u0430\u0437\u0432\u0438\u0442\u0438\u0435\u043c \u0438 \u043e\u0431\u043d\u043e\u0432\u043b\u0435\u043d\u0438\u044f\u043c\u0438, \u043a\u043e\u0442\u043e\u0440\u044b\u0435 \u0432\u0441\u0435\u0433\u0434\u0430 \u0433\u0430\u0440\u0430\u043d\u0442\u0438\u0440\u0443\u044e\u0442 \u043d\u043e\u0432\u0435\u0439\u0448\u0438\u0439 \u0441\u0435\u0440\u0432\u0438\u0441. \u041a\u0440\u043e\u043c\u0435 \u0442\u043e\u0433\u043e, \u0433\u043e\u0441\u0442\u0438 \u0446\u0435\u043d\u044f\u0442 \u0437\u0434\u0435\u0441\u044c \u0442\u0435\u043f\u043b\u043e\u0435 \u0438 \u0434\u0440\u0443\u0436\u0435\u043b\u044e\u0431\u043d\u043e\u0435 \u043e\u0431\u0441\u043b\u0443\u0436\u0438\u0432\u0430\u043d\u0438\u0435, \u043a\u043e\u0442\u043e\u0440\u043e\u0435 \u0434\u0435\u043b\u0430\u0435\u0442 \u043a\u0430\u0436\u0434\u044b\u0439 \u043e\u0442\u043f\u0443\u0441\u043a \u0438\u0434\u0435\u0430\u043b\u044c\u043d\u044b\u043c.<\/p>\n<p data-start=\"2590\" data-end=\"2687\">\u0417\u0430\u0431\u0440\u043e\u043d\u0438\u0440\u0443\u0439\u0442\u0435 \u0441\u0432\u043e\u0439 \u043e\u0442\u043f\u0443\u0441\u043a \u0441\u0435\u0433\u043e\u0434\u043d\u044f \u0438 \u043f\u0440\u043e\u0432\u0435\u0434\u0438\u0442\u0435 \u0432\u0440\u0435\u043c\u044f \u0442\u0430\u043a, \u043a\u0430\u043a \u0432\u044b \u043d\u0435 \u043d\u0430\u0439\u0434\u0435\u0442\u0435 \u0431\u043e\u043b\u044c\u0448\u0435 \u043d\u0438\u0433\u0434\u0435!<br data-start=\"2659\" data-end=\"2662\" \/><strong data-start=\"2662\" data-end=\"2687\">\u041b\u0435\u0442\u0430\u0439\u0442\u0435 \u0441 Kookos Reis!<\/strong><\/p>\n\t\t\t\t\t\t\t\t<\/div>\n\t\t\t\t<\/div>\n\t\t\t\t<\/main>\n\t\t<div class=\"elementor-element elementor-element-4e2307b e-flex e-con-boxed e-con e-parent\" data-id=\"4e2307b\" data-element_type=\"container\" data-e-type=\"container\">\n\t\t\t\t\t<div class=\"e-con-inner\">\n\t\t\t\t<div class=\"elementor-element elementor-element-0f2cfe2 elementor-widget elementor-widget-html\" data-id=\"0f2cfe2\" data-element_type=\"widget\" data-e-type=\"widget\" data-widget_type=\"html.default\">\n\t\t\t\t<div class=\"elementor-widget-container\">\n\t\t\t\t\t<div id=\"waavo-insert-iframe\" class=\"waavo-iframes\" data-cookie-agreement=\"1\" data-https=\"true\" data-host=\"kookosreis.waavo.com\" data-language=\"est\" data-url=\"\/travels_search\/hotel\/city_id:2175\/departure_date:2025-05-01\/departure_airport:TLL\/adults:2\/children:0\/duration:2-7\/language:est\/showPricePerPerson:0\/back:1\/6069461\/\"><\/div>\r\n                <script type=\"text\/javascript\" src=\"https:\/\/www.waavo.com\/js\/waavo_loader.min.js\"><\/script>\r\n\t\t\t\t<\/div>\n\t\t\t\t<\/div>\n\t\t\t\t\t<\/div>\n\t\t\t\t<\/div>\n\t\t\t\t<\/div>","protected":false},"excerpt":{"rendered":"<p>Tere tulemast Crystal Flora Beach Resort 5*-i, luksuslikku paradiisi, mis on Eesti turistide seas armastatud oma erakordse teeninduse, imekauni loodusliku ilu ning igal aastal l\u00e4biviidavate hotellikomplekssi arendamist\u00f6\u00f6de t\u00f5ttu. See hotell on ideaalne valik neile, kes otsivad kindlalt kvaliteetset puhkust T\u00fcrgi m\u00e4gilisemas Kemeri piirkonnas! Hotelli k\u00fclalised toovad esile j\u00e4rgmiseid unikaalseid omadusi: \ud83c\udfd6\ufe0f Privaatne Rannajoon ja LoodusehooldusCrystal [&hellip;]<\/p>\n","protected":false},"author":1,"featured_media":1729,"parent":0,"menu_order":0,"comment_status":"open","ping_status":"closed","template":"","meta":{"_eb_attr":"","om_disable_all_campaigns":false,"_monsterinsights_skip_tracking":false,"_monsterinsights_sitenote_active":false,"_monsterinsights_sitenote_note":"","_monsterinsights_sitenote_category":0,"site-sidebar-layout":"default","site-content-layout":"","ast-site-content-layout":"default","site-content-style":"default","site-sidebar-style":"default","ast-global-header-display":"","ast-banner-title-visibility":"","ast-main-header-display":"","ast-hfb-above-header-display":"","ast-hfb-below-header-display":"","ast-hfb-mobile-header-display":"","site-post-title":"","ast-breadcrumbs-content":"","ast-featured-img":"","footer-sml-layout":"","theme-transparent-header-meta":"","adv-header-id-meta":"","stick-header-meta":"","header-above-stick-meta":"","header-main-stick-meta":"","header-below-stick-meta":"","astra-migrate-meta-layouts":"set","ast-page-background-enabled":"default","ast-page-background-meta":{"desktop":{"background-color":"var(--ast-global-color-4)","background-image":"","background-repeat":"repeat","background-position":"center center","background-size":"auto","background-attachment":"scroll","background-type":"","background-media":"","overlay-type":"","overlay-color":"","overlay-opacity":"","overlay-gradient":""},"tablet":{"background-color":"","background-image":"","background-repeat":"repeat","background-position":"center center","background-size":"auto","background-attachment":"scroll","background-type":"","background-media":"","overlay-type":"","overlay-color":"","overlay-opacity":"","overlay-gradient":""},"mobile":{"background-color":"","background-image":"","background-repeat":"repeat","background-position":"center center","background-size":"auto","background-attachment":"scroll","background-type":"","background-media":"","overlay-type":"","overlay-color":"","overlay-opacity":"","overlay-gradient":""}},"ast-content-background-meta":{"desktop":{"background-color":"var(--ast-global-color-5)","background-image":"","background-repeat":"repeat","background-position":"center center","background-size":"auto","background-attachment":"scroll","background-type":"","background-media":"","overlay-type":"","overlay-color":"","overlay-opacity":"","overlay-gradient":""},"tablet":{"background-color":"var(--ast-global-color-5)","background-image":"","background-repeat":"repeat","background-position":"center center","background-size":"auto","background-attachment":"scroll","background-type":"","background-media":"","overlay-type":"","overlay-color":"","overlay-opacity":"","overlay-gradient":""},"mobile":{"background-color":"var(--ast-global-color-5)","background-image":"","background-repeat":"repeat","background-position":"center center","background-size":"auto","background-attachment":"scroll","background-type":"","background-media":"","overlay-type":"","overlay-color":"","overlay-opacity":"","overlay-gradient":""}},"footnotes":""},"class_list":["post-1493","page","type-page","status-publish","has-post-thumbnail","hentry"],"aioseo_notices":[],"_links":{"self":[{"href":"https:\/\/www.kookosreis.ee\/ru\/wp-json\/wp\/v2\/pages\/1493","targetHints":{"allow":["GET"]}}],"collection":[{"href":"https:\/\/www.kookosreis.ee\/ru\/wp-json\/wp\/v2\/pages"}],"about":[{"href":"https:\/\/www.kookosreis.ee\/ru\/wp-json\/wp\/v2\/types\/page"}],"author":[{"embeddable":true,"href":"https:\/\/www.kookosreis.ee\/ru\/wp-json\/wp\/v2\/users\/1"}],"replies":[{"embeddable":true,"href":"https:\/\/www.kookosreis.ee\/ru\/wp-json\/wp\/v2\/comments?post=1493"}],"version-history":[{"count":10,"href":"https:\/\/www.kookosreis.ee\/ru\/wp-json\/wp\/v2\/pages\/1493\/revisions"}],"predecessor-version":[{"id":1772,"href":"https:\/\/www.kookosreis.ee\/ru\/wp-json\/wp\/v2\/pages\/1493\/revisions\/1772"}],"wp:featuredmedia":[{"embeddable":true,"href":"https:\/\/www.kookosreis.ee\/ru\/wp-json\/wp\/v2\/media\/1729"}],"wp:attachment":[{"href":"https:\/\/www.kookosreis.ee\/ru\/wp-json\/wp\/v2\/media?parent=1493"}],"curies":[{"name":"WP","href":"https:\/\/api.w.org\/{rel}","templated":true}]}}