{"id":1559,"date":"2025-03-24T12:55:01","date_gmt":"2025-03-24T10:55:01","guid":{"rendered":"https:\/\/www.kookosreis.ee\/?page_id=1559"},"modified":"2025-03-25T09:44:16","modified_gmt":"2025-03-25T07:44:16","slug":"ela-excellence-resort-belek-5","status":"publish","type":"page","link":"https:\/\/www.kookosreis.ee\/ru\/ela-excellence-resort-belek-5\/","title":{"rendered":"Ela Excellence Resort \u0411\u0435\u043b\u0435\u043a 5*"},"content":{"rendered":"<div data-elementor-type=\"wp-page\" data-elementor-id=\"1559\" class=\"elementor elementor-1559\">\n\t\t\t\t<div class=\"elementor-element elementor-element-2be30ba3 e-flex e-con-boxed e-con e-parent\" data-id=\"2be30ba3\" data-element_type=\"container\" data-e-type=\"container\">\n\t\t\t\t\t<div class=\"e-con-inner\">\n\t\t\t\t<div class=\"elementor-element elementor-element-71ada9f7 elementor-widget elementor-widget-text-editor\" data-id=\"71ada9f7\" data-element_type=\"widget\" data-e-type=\"widget\" data-widget_type=\"text-editor.default\">\n\t\t\t\t<div class=\"elementor-widget-container\">\n\t\t\t\t\t\t\t\t\t<h5><strong>Ela Excellence Resort Belek 5\u2605 \u2014 \u0438\u0434\u0435\u0430\u043b\u044c\u043d\u044b\u0439 \u0441\u0435\u043c\u0435\u0439\u043d\u044b\u0439 \u043e\u0442\u0434\u044b\u0445, \u0433\u0434\u0435 \u044d\u043b\u0435\u0433\u0430\u043d\u0442\u043d\u043e\u0441\u0442\u044c \u0432\u0441\u0442\u0440\u0435\u0447\u0430\u0435\u0442\u0441\u044f \u0441 \u043f\u0440\u0438\u043a\u043b\u044e\u0447\u0435\u043d\u0438\u044f\u043c\u0438!<\/strong><\/h5><p><strong>Ela Excellence<\/strong> \u2014 \u044d\u0442\u043e \u043d\u0430\u0441\u0442\u043e\u044f\u0449\u0438\u0439 \u044d\u043b\u0438\u0442\u043d\u044b\u0439 \u043e\u0442\u0435\u043b\u044c, \u0441\u043e\u0437\u0434\u0430\u043d\u043d\u044b\u0439 \u0434\u043b\u044f \u0441\u0435\u043c\u0435\u0439, \u0446\u0435\u043d\u044f\u0449\u0438\u0445 \u043a\u043e\u043c\u0444\u043e\u0440\u0442, \u0440\u043e\u0441\u043a\u043e\u0448\u044c \u0438 \u043f\u0440\u043e\u0434\u0443\u043c\u0430\u043d\u043d\u044b\u0435 \u0434\u0435\u0442\u0430\u043b\u0438. <strong>\u0417\u0434\u0435\u0441\u044c \u043a\u0430\u0436\u0434\u044b\u0439 \u0447\u043b\u0435\u043d \u0441\u0435\u043c\u044c\u0438 \u043c\u043e\u0436\u0435\u0442 \u043f\u0440\u043e\u0432\u0435\u0441\u0442\u0438 \u043e\u0442\u043f\u0443\u0441\u043a, \u043e \u043a\u043e\u0442\u043e\u0440\u043e\u043c \u043c\u0435\u0447\u0442\u0430\u043b.<\/strong> \u2013 \u0431\u0443\u0434\u044c \u0442\u043e \u0438\u0434\u0435\u0430\u043b\u044c\u043d\u044b\u0439 \u043e\u0442\u0434\u044b\u0445, \u0430\u043a\u0442\u0438\u0432\u043d\u044b\u0435 \u0437\u0430\u043d\u044f\u0442\u0438\u044f \u0441\u043f\u043e\u0440\u0442\u043e\u043c \u0438\u043b\u0438 \u0440\u0430\u0434\u043e\u0441\u0442\u043d\u044b\u0435 \u043f\u0440\u0438\u043a\u043b\u044e\u0447\u0435\u043d\u0438\u044f \u0434\u0435\u0442\u0435\u0439.<\/p><h5>\ud83c\udf88 Everland Kids World \u2013 \u0434\u0435\u0442\u0441\u043a\u0430\u044f \u0438\u0433\u0440\u043e\u0432\u0430\u044f \u043f\u043b\u043e\u0449\u0430\u0434\u043a\u0430 \u043c\u0435\u0447\u0442\u044b<\/h5><p><strong>\u0412\u043e-\u043f\u0435\u0440\u0432\u044b\u0445,<\/strong>\u0414\u043b\u044f \u0441\u0435\u043c\u0435\u0439 \u0441 \u0434\u0435\u0442\u044c\u043c\u0438 Ela Excellence \u2014 \u043e\u0434\u0438\u043d \u0438\u0437 \u043b\u0443\u0447\u0448\u0438\u0445 \u0432\u0430\u0440\u0438\u0430\u043d\u0442\u043e\u0432. <strong>\u041c\u0438\u043d\u0438 \u043a\u043b\u0443\u0431 Everland:<\/strong> \u0414\u043b\u044f \u0434\u0435\u0442\u0435\u0439 \u0440\u0430\u0431\u043e\u0442\u0430\u0435\u0442 \u0441\u043f\u0435\u0446\u0438\u0430\u043b\u044c\u043d\u044b\u0439 \u0434\u0435\u0442\u0441\u043a\u0438\u0439 \u043a\u043b\u0443\u0431, \u043a\u043e\u0442\u043e\u0440\u044b\u0439 \u0441\u043b\u043e\u0432\u043d\u043e \u043f\u0440\u0435\u0434\u0441\u0442\u0430\u0432\u043b\u044f\u0435\u0442 \u0441\u043e\u0431\u043e\u0439 \u043e\u0442\u0434\u0435\u043b\u044c\u043d\u044b\u0439 \u043c\u0438\u0440: \u0437\u0434\u0435\u0441\u044c \u043d\u0430\u0439\u0434\u0443\u0442\u0441\u044f \u0437\u0430\u043d\u044f\u0442\u0438\u044f \u0434\u043b\u044f \u0434\u0435\u0442\u0435\u0439 \u0432\u0441\u0435\u0445 \u0432\u043e\u0437\u0440\u0430\u0441\u0442\u043e\u0432, \u0430 \u0440\u043e\u0434\u0438\u0442\u0435\u043b\u0438 \u0441\u043c\u043e\u0433\u0443\u0442 \u043f\u043e\u043b\u043d\u043e\u0441\u0442\u044c\u044e \u0440\u0430\u0441\u0441\u043b\u0430\u0431\u0438\u0442\u044c\u0441\u044f. <strong>\u041a\u0440\u043e\u043c\u0435 \u0442\u043e\u0433\u043e,<\/strong> \u041e\u0442\u0435\u043b\u044c \u043e\u0440\u0433\u0430\u043d\u0438\u0437\u0443\u0435\u0442 \u0443\u0432\u043b\u0435\u043a\u0430\u0442\u0435\u043b\u044c\u043d\u044b\u0435 \u0434\u0435\u0442\u0441\u043a\u0438\u0435 \u043c\u0435\u0440\u043e\u043f\u0440\u0438\u044f\u0442\u0438\u044f, \u043c\u0430\u0441\u0442\u0435\u0440-\u043a\u043b\u0430\u0441\u0441\u044b \u0438 \u0448\u043e\u0443-\u043f\u0440\u043e\u0433\u0440\u0430\u043c\u043c\u044b, \u043a\u043e\u0442\u043e\u0440\u044b\u0435 \u043d\u0435 \u0434\u0430\u0434\u0443\u0442 \u043c\u0430\u043b\u0435\u043d\u044c\u043a\u0438\u043c \u0433\u043e\u0441\u0442\u044f\u043c \u0441\u043a\u0443\u0447\u0430\u0442\u044c \u043d\u0430 \u043f\u0440\u043e\u0442\u044f\u0436\u0435\u043d\u0438\u0438 \u0432\u0441\u0435\u0433\u043e \u043e\u0442\u043f\u0443\u0441\u043a\u0430.<\/p><h5>\ud83d\udc86\u200d\u2640\ufe0f \u0418\u0434\u0435\u0430\u043b\u044c\u043d\u044b\u0439 \u043e\u0442\u0434\u044b\u0445 \u0432 \u0446\u0435\u043d\u0442\u0440\u0435 ELAZEN SPA &amp; WELLNESS<\/h5><p>\u0415\u0441\u043b\u0438 \u0432\u044b \u0445\u043e\u0442\u0438\u0442\u0435 \u043e\u0442\u0432\u043b\u0435\u0447\u044c\u0441\u044f \u043e\u0442 \u0441\u0443\u0435\u0442\u044b \u043f\u043e\u0432\u0441\u0435\u0434\u043d\u0435\u0432\u043d\u043e\u0439 \u0436\u0438\u0437\u043d\u0438, \u0442\u043e \u0432\u0430\u0441 \u0436\u0434\u0443\u0442 <strong>ELAZEN SPA &amp; WELLNESS<\/strong> \u2013 \u0440\u043e\u0441\u043a\u043e\u0448\u043d\u044b\u0439 \u0441\u043f\u0430-\u0446\u0435\u043d\u0442\u0440, \u0433\u0434\u0435 \u043a\u0430\u0436\u0434\u0430\u044f \u0434\u0435\u0442\u0430\u043b\u044c \u043f\u0440\u043e\u0434\u0443\u043c\u0430\u043d\u0430 \u0434\u043b\u044f \u0440\u0435\u043b\u0430\u043a\u0441\u0430\u0446\u0438\u0438 \u0438 \u0445\u043e\u0440\u043e\u0448\u0435\u0433\u043e \u0441\u0430\u043c\u043e\u0447\u0443\u0432\u0441\u0442\u0432\u0438\u044f. <strong>\u0417\u0434\u0435\u0441\u044c \u0432\u0440\u0435\u043c\u044f \u043a\u0430\u043a \u0431\u0443\u0434\u0442\u043e \u043e\u0441\u0442\u0430\u043d\u0430\u0432\u043b\u0438\u0432\u0430\u0435\u0442\u0441\u044f.<\/strong>.<\/p><ul><li>\u0422\u0440\u0430\u0434\u0438\u0446\u0438\u043e\u043d\u043d\u044b\u0439 \u0442\u0443\u0440\u0435\u0446\u043a\u0438\u0439 \u0445\u0430\u043c\u043c\u0430\u043c \ud83e\uddd6\u200d\u2640\ufe0f<\/li><li>\u0428\u0438\u0440\u043e\u043a\u0438\u0439 \u0432\u044b\u0431\u043e\u0440 \u043c\u0430\u0441\u0441\u0430\u0436\u0435\u0439 \u0438 \u0442\u0435\u0440\u0430\u043f\u0438\u0439<\/li><li>\u0414\u0436\u0430\u043a\u0443\u0437\u0438, \u0441\u0430\u0443\u043d\u044b, \u043f\u0430\u0440\u043e\u0432\u044b\u0435 \u0431\u0430\u043d\u0438<\/li><li>\u0412\u044b\u0441\u043e\u043a\u043e\u043a\u0430\u0447\u0435\u0441\u0442\u0432\u0435\u043d\u043d\u044b\u0435 \u043f\u0440\u043e\u0446\u0435\u0434\u0443\u0440\u044b \u043f\u043e \u0443\u0445\u043e\u0434\u0443 \u0437\u0430 \u043b\u0438\u0446\u043e\u043c \u0438 \u0442\u0435\u043b\u043e\u043c<\/li><\/ul><p><strong>\u041f\u043e\u044d\u0442\u043e\u043c\u0443<\/strong> \u042d\u0442\u043e \u0438\u0434\u0435\u0430\u043b\u044c\u043d\u043e\u0435 \u043c\u0435\u0441\u0442\u043e, \u0447\u0442\u043e\u0431\u044b \u043f\u043e\u0434\u0437\u0430\u0440\u044f\u0434\u0438\u0442\u044c \u0441\u0432\u043e\u0435 \u0442\u0435\u043b\u043e \u0438 \u0440\u0430\u0437\u0443\u043c, \u043e\u0441\u043e\u0431\u0435\u043d\u043d\u043e \u0434\u043b\u044f \u0440\u043e\u0434\u0438\u0442\u0435\u043b\u0435\u0439, \u043a\u043e\u0442\u043e\u0440\u044b\u0435 \u0445\u043e\u0442\u044f\u0442 \u043f\u043e\u043b\u043d\u043e\u0441\u0442\u044c\u044e \u0440\u0430\u0441\u0441\u043b\u0430\u0431\u0438\u0442\u044c\u0441\u044f.<\/p><h5>\ud83c\udff8 \u0410\u043a\u0442\u0438\u0432\u043d\u044b\u0439 \u043e\u0442\u0434\u044b\u0445 \u043d\u0430 \u043b\u044e\u0431\u043e\u0439 \u0432\u043a\u0443\u0441<\/h5><p><strong>Ela Excellence<\/strong> \u043d\u0430\u0441\u0442\u043e\u044f\u0449\u0430\u044f \u043c\u0435\u0447\u0442\u0430 \u0434\u043b\u044f \u0441\u043f\u043e\u0440\u0442\u0438\u0432\u043d\u044b\u0445 \u0438 \u0430\u043a\u0442\u0438\u0432\u043d\u044b\u0445 \u043e\u0442\u0434\u044b\u0445\u0430\u044e\u0449\u0438\u0445. <strong>\u0422\u0430\u043a\u0436\u0435<\/strong> \u0418\u0434\u0435\u0430\u043b\u044c\u043d\u043e \u043f\u043e\u0434\u0445\u043e\u0434\u0438\u0442 \u0434\u043b\u044f \u0442\u0435\u0445, \u043a\u0442\u043e \u0445\u043e\u0447\u0435\u0442 \u0437\u0430\u0440\u044f\u0434\u0438\u0442\u044c\u0441\u044f \u044d\u043d\u0435\u0440\u0433\u0438\u0435\u0439 \u0432\u043e \u0432\u0440\u0435\u043c\u044f \u043e\u0442\u043f\u0443\u0441\u043a\u0430 \u0438\u043b\u0438 \u043f\u0440\u043e\u0441\u0442\u043e \u043d\u0430\u0441\u043b\u0430\u0434\u0438\u0442\u044c\u0441\u044f \u0443\u0434\u043e\u0432\u043e\u043b\u044c\u0441\u0442\u0432\u0438\u0435\u043c \u043e\u0442 \u0434\u0432\u0438\u0436\u0435\u043d\u0438\u044f.<\/p><ul><li>\u041f\u043b\u044f\u0436\u043d\u044b\u0439 \u0432\u043e\u043b\u0435\u0439\u0431\u043e\u043b, \u0444\u0443\u0442\u0431\u043e\u043b, \u0431\u0430\u0441\u043a\u0435\u0442\u0431\u043e\u043b, \u0442\u0435\u043d\u043d\u0438\u0441<\/li><li>\u0422\u0440\u0435\u043d\u0438\u0440\u043e\u0432\u043a\u0438 \u043f\u043e \u0439\u043e\u0433\u0435 \u0438 \u043f\u0438\u043b\u0430\u0442\u0435\u0441\u0443 \ud83e\uddd8\u200d\u2642\ufe0f<\/li><li>\u041f\u0430\u0434\u0435\u043b\u044c, \u043f\u0435\u0440\u0441\u043e\u043d\u0430\u043b\u044c\u043d\u044b\u0435 \u0442\u0440\u0435\u043d\u0438\u0440\u043e\u0432\u043a\u0438, \u0433\u0440\u0443\u043f\u043f\u043e\u0432\u044b\u0435 \u0442\u0440\u0435\u043d\u0438\u0440\u043e\u0432\u043a\u0438<\/li><li>\u0412\u043e\u0434\u043d\u044b\u0435 \u0432\u0438\u0434\u044b \u0441\u043f\u043e\u0440\u0442\u0430: \u043a\u0430\u0439\u0442\u0441\u0435\u0440\u0444\u0438\u043d\u0433, \u0434\u0430\u0439\u0432\u0438\u043d\u0433, \u0441\u0435\u0440\u0444\u0438\u043d\u0433 \ud83c\udf0a<\/li><li>\u0411\u0430\u0441\u0441\u0435\u0439\u043d \u043e\u043b\u0438\u043c\u043f\u0438\u0439\u0441\u043a\u043e\u0433\u043e \u0440\u0430\u0437\u043c\u0435\u0440\u0430 (\u0441 \u043f\u043e\u0434\u043e\u0433\u0440\u0435\u0432\u043e\u043c \u0432 \u043d\u0430\u0447\u0430\u043b\u0435 \u0441\u0435\u0437\u043e\u043d\u0430)<\/li><\/ul><h5>\u26f3\ufe0f \u0420\u0430\u0439 \u0434\u043b\u044f \u043b\u044e\u0431\u0438\u0442\u0435\u043b\u0435\u0439 \u0433\u043e\u043b\u044c\u0444\u0430<\/h5><p><strong>\u0411\u0435\u043b\u0435\u043a \u0438\u0437\u0432\u0435\u0441\u0442\u0435\u043d \u0441\u0432\u043e\u0438\u043c\u0438 \u043f\u043e\u043b\u044f\u043c\u0438 \u0434\u043b\u044f \u0433\u043e\u043b\u044c\u0444\u0430 \u043c\u0438\u0440\u043e\u0432\u043e\u0433\u043e \u043a\u043b\u0430\u0441\u0441\u0430.<\/strong>, \u043a\u043e\u0442\u043e\u0440\u044b\u0435 \u0440\u0430\u0441\u043f\u043e\u043b\u043e\u0436\u0435\u043d\u044b \u0432\u0441\u0435\u0433\u043e \u0432 \u043d\u0435\u0441\u043a\u043e\u043b\u044c\u043a\u0438\u0445 \u043c\u0438\u043d\u0443\u0442\u0430\u0445 \u043e\u0442 \u043e\u0442\u0435\u043b\u044f. Ela Excellence \u043f\u0440\u0435\u0434\u043b\u0430\u0433\u0430\u0435\u0442 \u043f\u043e\u043c\u043e\u0449\u044c \u0432 \u043e\u0440\u0433\u0430\u043d\u0438\u0437\u0430\u0446\u0438\u0438 \u0433\u043e\u043b\u044c\u0444-\u0442\u0443\u0440\u043e\u0432 \u0438\u043b\u0438 \u0438\u043d\u0434\u0438\u0432\u0438\u0434\u0443\u0430\u043b\u044c\u043d\u044b\u0445 \u0442\u0440\u0435\u043d\u0438\u0440\u043e\u0432\u043e\u043a \u043f\u043e \u0437\u0430\u043f\u0440\u043e\u0441\u0443 \u2014 \u0438\u0434\u0435\u0430\u043b\u044c\u043d\u043e \u043f\u043e\u0434\u0445\u043e\u0434\u0438\u0442 \u043a\u0430\u043a \u0434\u043b\u044f \u043d\u043e\u0432\u0438\u0447\u043a\u043e\u0432, \u0442\u0430\u043a \u0438 \u0434\u043b\u044f \u043e\u043f\u044b\u0442\u043d\u044b\u0445 \u0438\u0433\u0440\u043e\u043a\u043e\u0432.<\/p><h5>\ud83d\udeeb <strong>\u041b\u0435\u0442\u0430\u0439\u0442\u0435 \u0441 Kookos Reis!<\/strong><\/h5><p>\u0412\u0430\u0441 \u0436\u0434\u0435\u0442 Ela Excellence \u2014 \u0440\u043e\u0441\u043a\u043e\u0448\u044c, \u043e\u0442\u0434\u044b\u0445 \u0438 \u0441\u0435\u043c\u0435\u0439\u043d\u044b\u0435 \u0440\u0430\u0437\u0432\u043b\u0435\u0447\u0435\u043d\u0438\u044f \u043d\u0430 \u043e\u0434\u043d\u043e\u043c \u0437\u0430\u043c\u0435\u0447\u0430\u0442\u0435\u043b\u044c\u043d\u043e\u043c \u043a\u0443\u0440\u043e\u0440\u0442\u0435! \u041d\u0430\u043f\u0438\u0448\u0438\u0442\u0435 \u043d\u0430\u043c, \u0438 \u043c\u044b \u043d\u0430\u0439\u0434\u0435\u043c \u043e\u0442\u043f\u0443\u0441\u043a \u0432\u0430\u0448\u0435\u0439 \u043c\u0435\u0447\u0442\u044b. \u2728<\/p><h5>\ud83d\udc40 \u041f\u043e\u0445\u043e\u0436\u0438\u0435 \u0440\u043e\u0441\u043a\u043e\u0448\u043d\u044b\u0435 \u043e\u0442\u0435\u043b\u0438 \u0434\u043b\u044f \u0441\u0435\u043c\u0435\u0439:<\/h5><ul><li><a href=\"https:\/\/www.kookosreis.ee\/ru\/gloria-serenity\/\">Gloria Serenity<\/a><\/li><li><a href=\"https:\/\/www.kookosreis.ee\/ru\/nirvana-dolce-vita\/\">Nirvana Dolce Vita<\/a><\/li><li><a href=\"https:\/\/www.kookosreis.ee\/ru\/long-beach-resort-and-spa-5\/\">Long Beach Resort<\/a><\/li><\/ul><p><!-- \/wp:paragraph --><\/p><div id=\"waavo-insert-iframe\" class=\"waavo-iframes\" data-cookie-agreement=\"1\" data-https=\"true\" data-host=\"kookosreis.waavo.com\" data-language=\"est\" data-url=\"\/travels_search\/hotel\/city_id:2175\/departure_date:2025-03-30\/departure_airport:TLL\/adults:2\/children:0\/duration:7-10\/language:est\/showPricePerPerson:1\/back:1\/6158966\/\">\u00a0<\/div><p><script type=\"text\/javascript\" src=\"https:\/\/www.waavo.com\/js\/waavo_loader.min.js\"><\/script><\/p>\t\t\t\t\t\t\t\t<\/div>\n\t\t\t\t<\/div>\n\t\t\t\t\t<\/div>\n\t\t\t\t<\/div>\n\t\t\t\t<\/div>","protected":false},"excerpt":{"rendered":"<p>Ela Excellence Resort Belek 5\u2605 \u2013 t\u00e4iuslik perepuhkus, kus elegants kohtub elamustega! Ela Excellence on t\u00f5eline eliitklassi hotell, mis on loodud peredele, kes hindavad mugavust, luksust ja l\u00e4bim\u00f5eldud pisidetaile. Siin saab iga pereliige kogeda just sellist puhkust, millest on unistanud \u2013 olgu selleks t\u00e4iuslik l\u00f5\u00f5gastus, aktiivne liikumine v\u00f5i laste r\u00f5\u00f5msad seiklused. \ud83c\udf88 Everland Kids World [&hellip;]<\/p>\n","protected":false},"author":1,"featured_media":1560,"parent":0,"menu_order":0,"comment_status":"open","ping_status":"open","template":"","meta":{"_eb_attr":"","om_disable_all_campaigns":false,"_monsterinsights_skip_tracking":false,"_monsterinsights_sitenote_active":false,"_monsterinsights_sitenote_note":"","_monsterinsights_sitenote_category":0,"site-sidebar-layout":"default","site-content-layout":"","ast-site-content-layout":"default","site-content-style":"default","site-sidebar-style":"default","ast-global-header-display":"","ast-banner-title-visibility":"","ast-main-header-display":"","ast-hfb-above-header-display":"","ast-hfb-below-header-display":"","ast-hfb-mobile-header-display":"","site-post-title":"","ast-breadcrumbs-content":"","ast-featured-img":"","footer-sml-layout":"","ast-disable-related-posts":"","theme-transparent-header-meta":"","adv-header-id-meta":"","stick-header-meta":"","header-above-stick-meta":"","header-main-stick-meta":"","header-below-stick-meta":"","astra-migrate-meta-layouts":"default","ast-page-background-enabled":"default","ast-page-background-meta":{"desktop":{"background-color":"var(--ast-global-color-4)","background-image":"","background-repeat":"repeat","background-position":"center center","background-size":"auto","background-attachment":"scroll","background-type":"","background-media":"","overlay-type":"","overlay-color":"","overlay-opacity":"","overlay-gradient":""},"tablet":{"background-color":"","background-image":"","background-repeat":"repeat","background-position":"center center","background-size":"auto","background-attachment":"scroll","background-type":"","background-media":"","overlay-type":"","overlay-color":"","overlay-opacity":"","overlay-gradient":""},"mobile":{"background-color":"","background-image":"","background-repeat":"repeat","background-position":"center center","background-size":"auto","background-attachment":"scroll","background-type":"","background-media":"","overlay-type":"","overlay-color":"","overlay-opacity":"","overlay-gradient":""}},"ast-content-background-meta":{"desktop":{"background-color":"var(--ast-global-color-5)","background-image":"","background-repeat":"repeat","background-position":"center center","background-size":"auto","background-attachment":"scroll","background-type":"","background-media":"","overlay-type":"","overlay-color":"","overlay-opacity":"","overlay-gradient":""},"tablet":{"background-color":"var(--ast-global-color-5)","background-image":"","background-repeat":"repeat","background-position":"center center","background-size":"auto","background-attachment":"scroll","background-type":"","background-media":"","overlay-type":"","overlay-color":"","overlay-opacity":"","overlay-gradient":""},"mobile":{"background-color":"var(--ast-global-color-5)","background-image":"","background-repeat":"repeat","background-position":"center center","background-size":"auto","background-attachment":"scroll","background-type":"","background-media":"","overlay-type":"","overlay-color":"","overlay-opacity":"","overlay-gradient":""}},"footnotes":""},"class_list":["post-1559","page","type-page","status-publish","has-post-thumbnail","hentry"],"aioseo_notices":[],"_links":{"self":[{"href":"https:\/\/www.kookosreis.ee\/ru\/wp-json\/wp\/v2\/pages\/1559","targetHints":{"allow":["GET"]}}],"collection":[{"href":"https:\/\/www.kookosreis.ee\/ru\/wp-json\/wp\/v2\/pages"}],"about":[{"href":"https:\/\/www.kookosreis.ee\/ru\/wp-json\/wp\/v2\/types\/page"}],"author":[{"embeddable":true,"href":"https:\/\/www.kookosreis.ee\/ru\/wp-json\/wp\/v2\/users\/1"}],"replies":[{"embeddable":true,"href":"https:\/\/www.kookosreis.ee\/ru\/wp-json\/wp\/v2\/comments?post=1559"}],"version-history":[{"count":13,"href":"https:\/\/www.kookosreis.ee\/ru\/wp-json\/wp\/v2\/pages\/1559\/revisions"}],"predecessor-version":[{"id":1624,"href":"https:\/\/www.kookosreis.ee\/ru\/wp-json\/wp\/v2\/pages\/1559\/revisions\/1624"}],"wp:featuredmedia":[{"embeddable":true,"href":"https:\/\/www.kookosreis.ee\/ru\/wp-json\/wp\/v2\/media\/1560"}],"wp:attachment":[{"href":"https:\/\/www.kookosreis.ee\/ru\/wp-json\/wp\/v2\/media?parent=1559"}],"curies":[{"name":"WP","href":"https:\/\/api.w.org\/{rel}","templated":true}]}}