{"id":1632,"date":"2025-03-25T12:36:24","date_gmt":"2025-03-25T10:36:24","guid":{"rendered":"https:\/\/www.kookosreis.ee\/?page_id=1632"},"modified":"2025-03-25T16:35:18","modified_gmt":"2025-03-25T14:35:18","slug":"nirvana-dolce-vita","status":"publish","type":"page","link":"https:\/\/www.kookosreis.ee\/ru\/nirvana-dolce-vita\/","title":{"rendered":"Nirvana Dolce Vita"},"content":{"rendered":"<div data-elementor-type=\"wp-page\" data-elementor-id=\"1632\" class=\"elementor elementor-1632\">\n\t\t\t\t<div class=\"elementor-element elementor-element-d7ab0df e-flex e-con-boxed e-con e-parent\" data-id=\"d7ab0df\" data-element_type=\"container\" data-e-type=\"container\">\n\t\t\t\t\t<div class=\"e-con-inner\">\n\t\t\t\t<div class=\"elementor-element elementor-element-3e3940db elementor-widget elementor-widget-text-editor\" data-id=\"3e3940db\" data-element_type=\"widget\" data-e-type=\"widget\" data-widget_type=\"text-editor.default\">\n\t\t\t\t<div class=\"elementor-widget-container\">\n\t\t\t\t\t\t\t\t\t<div style=\"margin-top: 150px;\"><h4>\ud83c\udf3f \u041e\u0442\u0435\u043b\u044c Nirvana Dolce Vita \u0432 \u0422\u0443\u0440\u0446\u0438\u0438 \u2013 \u043f\u0440\u0438\u0440\u043e\u0434\u0430, \u0440\u043e\u0441\u043a\u043e\u0448\u044c \u0438 \u0432\u0438\u0434\u044b<\/h4><p><strong>\u041e\u0442\u0435\u043b\u044c Nirvana Dolce Vita \u0432 \u0422\u0443\u0440\u0446\u0438\u0438<\/strong> \u0440\u0430\u0441\u043f\u043e\u043b\u043e\u0436\u0435\u043d \u0432 \u041a\u0435\u043c\u0435\u0440\u0435, \u0432 \u0437\u0435\u043b\u0435\u043d\u043e\u043c \u0440\u0430\u0439\u043e\u043d\u0435 \u0413\u0451\u0439\u043d\u044e\u043a, \u043f\u0440\u0435\u0434\u043b\u0430\u0433\u0430\u044f \u0438\u0441\u043a\u043b\u044e\u0447\u0438\u0442\u0435\u043b\u044c\u043d\u0443\u044e \u0440\u043e\u0441\u043a\u043e\u0448\u044c \u0441\u0440\u0435\u0434\u0438 \u0433\u043e\u0440 \u0438 \u0441\u043e\u0441\u043d\u043e\u0432\u044b\u0445 \u043b\u0435\u0441\u043e\u0432. \u042d\u0442\u043e\u0442 \u043f\u044f\u0442\u0438\u0437\u0432\u0435\u0437\u0434\u043e\u0447\u043d\u044b\u0439 \u043a\u043e\u043c\u043f\u043b\u0435\u043a\u0441 \u0438\u0437\u0432\u0435\u0441\u0442\u0435\u043d \u0441\u0432\u043e\u0438\u043c\u0438 <strong>\u0443\u0445\u043e\u0436\u0435\u043d\u043d\u0430\u044f \u0442\u0435\u0440\u0440\u0438\u0442\u043e\u0440\u0438\u044f, \u043e\u0447\u0430\u0440\u043e\u0432\u0430\u0442\u0435\u043b\u044c\u043d\u044b\u0435 \u0432\u0438\u0434\u044b<\/strong> \u0438 \u0438\u0441\u043a\u043b\u044e\u0447\u0438\u0442\u0435\u043b\u044c\u043d\u044b\u0439 \u0441\u0435\u0440\u0432\u0438\u0441.<\/p><h5>\ud83c\udf74 \u0420\u0435\u0441\u0442\u043e\u0440\u0430\u043d\u044b \u0438 \u0433\u0430\u0441\u0442\u0440\u043e\u043d\u043e\u043c\u0438\u0447\u0435\u0441\u043a\u0438\u0435 \u0432\u043f\u0435\u0447\u0430\u0442\u043b\u0435\u043d\u0438\u044f<\/h5><p>\u041e\u0431\u0435\u0434 \u0432 \u0440\u0435\u0441\u0442\u043e\u0440\u0430\u043d\u0435 Nirvana Dolce Vita \u2014 \u044d\u0442\u043e \u043d\u0430\u0441\u0442\u043e\u044f\u0449\u0435\u0435 \u043a\u0443\u043b\u0438\u043d\u0430\u0440\u043d\u043e\u0435 \u043f\u0443\u0442\u0435\u0448\u0435\u0441\u0442\u0432\u0438\u0435. <strong>18 \u0440\u0435\u0441\u0442\u043e\u0440\u0430\u043d\u043e\u0432, \u0438\u0437 \u043d\u0438\u0445 10 \u0441 \u043e\u0431\u0441\u043b\u0443\u0436\u0438\u0432\u0430\u043d\u0438\u0435\u043c \u043f\u043e \u043c\u0435\u043d\u044e.<\/strong> (\u0432\u043a\u043b\u044e\u0447\u0430\u044f \u044f\u043f\u043e\u043d\u0441\u043a\u0443\u044e, \u0438\u0442\u0430\u043b\u044c\u044f\u043d\u0441\u043a\u0443\u044e, \u0442\u0443\u0440\u0435\u0446\u043a\u0443\u044e \u043a\u0443\u0445\u043d\u044e, \u043c\u043e\u0440\u0435\u043f\u0440\u043e\u0434\u0443\u043a\u0442\u044b, \u0441\u0442\u0435\u0439\u043a-\u0445\u0430\u0443\u0441). \u041a\u0440\u043e\u043c\u0435 \u0442\u043e\u0433\u043e, \u0432\u0430\u0441 \u0436\u0434\u0443\u0442 <strong>19 \u0431\u0430\u0440\u043e\u0432<\/strong>, \u0433\u0434\u0435 \u0432\u044b \u043d\u0430\u0439\u0434\u0435\u0442\u0435 \u0448\u0438\u0440\u043e\u043a\u0438\u0439 \u0432\u044b\u0431\u043e\u0440 \u043f\u0435\u0440\u0432\u043e\u043a\u043b\u0430\u0441\u0441\u043d\u044b\u0445 \u043d\u0430\u043f\u0438\u0442\u043a\u043e\u0432 \u0438 \u0444\u0438\u0440\u043c\u0435\u043d\u043d\u044b\u0445 \u043a\u043e\u043a\u0442\u0435\u0439\u043b\u0435\u0439. \ud83c\udf77\ud83c\udf63<\/p><h5>\ud83c\udf0c Cosmos Moonlight \u2013 \u044d\u043a\u0441\u043a\u043b\u044e\u0437\u0438\u0432\u043d\u044b\u0439 \u043e\u043f\u044b\u0442<\/h5><p>\u041e\u0441\u043e\u0431\u0435\u043d\u043d\u043e\u0441\u0442\u044c\u044e \u043e\u0442\u0435\u043b\u0435\u0439 Nirvana \u044f\u0432\u043b\u044f\u0435\u0442\u0441\u044f <strong>\u041a\u043e\u0441\u043c\u043e\u0441 \u041b\u0443\u043d\u043d\u044b\u0439 \u0421\u0432\u0435\u0442<\/strong> \u2013 \u0430\u0442\u043c\u043e\u0441\u0444\u0435\u0440\u043d\u0430\u044f \u043a\u043e\u043d\u0446\u0435\u0440\u0442\u043d\u043e-\u0440\u0430\u0437\u0432\u043b\u0435\u043a\u0430\u0442\u0435\u043b\u044c\u043d\u0430\u044f \u043f\u043b\u043e\u0449\u0430\u0434\u043a\u0430, \u0433\u0434\u0435 <a href=\"https:\/\/www.nirvanahotels.com.tr\/en\/cosmos-moonlight\" target=\"_blank\" rel=\"noopener\">\u0448\u043e\u0443 \u043c\u0438\u0440\u043e\u0432\u043e\u0433\u043e \u0443\u0440\u043e\u0432\u043d\u044f, \u0434\u0438\u0434\u0436\u0435\u0439\u0441\u043a\u0438\u0435 \u0441\u0435\u0442\u044b \u0438 \u0441\u0432\u0435\u0442\u043e\u0432\u044b\u0435 \u0448\u043e\u0443<\/a>. \u042d\u0442\u043e \u0438\u0434\u0435\u0430\u043b\u044c\u043d\u043e\u0435 \u043c\u0435\u0441\u0442\u043e \u0434\u043b\u044f \u043d\u043e\u0447\u043d\u043e\u0433\u043e \u043e\u0442\u0434\u044b\u0445\u0430 \u043d\u0430 \u0431\u0435\u0440\u0435\u0433\u0443 \u043c\u043e\u0440\u044f.<\/p><h5>\ud83d\udca6 \u0410\u043a\u0432\u0430\u043f\u0430\u0440\u043a \u00ab\u041f\u0438\u0440\u0430\u0442\u044b \u041e\u043b\u0438\u043c\u043f\u0430\u00bb \u2014 \u0442\u0435\u043f\u0435\u0440\u044c \u0441 \u043f\u043e\u0434\u043e\u0433\u0440\u0435\u0432\u043e\u043c!<\/h5><p><strong>\u041b\u044e\u0431\u0438\u043c\u043e\u0435 \u043c\u0435\u0441\u0442\u043e \u0432\u0441\u0435\u0439 \u0441\u0435\u043c\u044c\u0438 \u2013 \u0430\u043a\u0432\u0430\u043f\u0430\u0440\u043a Nirvana Dolce Vita<\/strong> \u043f\u043e\u043b\u0443\u0447\u0438\u043b \u043a\u0440\u0443\u043f\u043d\u043e\u0435 \u043e\u0431\u043d\u043e\u0432\u043b\u0435\u043d\u0438\u0435: \u0442\u0435\u043f\u0435\u0440\u044c \u0432\u0441\u0435 \u0430\u0442\u0442\u0440\u0430\u043a\u0446\u0438\u043e\u043d\u044b \u0438 \u0431\u0430\u0441\u0441\u0435\u0439\u043d\u044b <strong>\u043f\u043e\u0434\u043e\u0433\u0440\u0435\u0432\u0430\u0435\u043c\u044b\u0439<\/strong>, \u0447\u0442\u043e \u043f\u043e\u0437\u0432\u043e\u043b\u0438\u0442 \u0432\u0430\u043c \u0432\u0435\u0441\u0435\u043b\u043e \u043f\u0440\u043e\u0432\u0435\u0441\u0442\u0438 \u0432\u0440\u0435\u043c\u044f \u0432 \u043b\u044e\u0431\u043e\u0435 \u0432\u0440\u0435\u043c\u044f \u0433\u043e\u0434\u0430! \ud83c\udff4\u200d\u2620\ufe0f\ud83c\udf0a<\/p><h5>\u2600\ufe0f \u041f\u043e\u0447\u0435\u043c\u0443 \u0441\u0442\u043e\u0438\u0442 \u0432\u044b\u0431\u0440\u0430\u0442\u044c Nirvana Dolce Vita?<\/h5><ul><li>\ud83c\udf32 <strong>\u0423\u0445\u043e\u0436\u0435\u043d\u043d\u0430\u044f \u0437\u0435\u043b\u0435\u043d\u0430\u044f \u0442\u0435\u0440\u0440\u0438\u0442\u043e\u0440\u0438\u044f<\/strong> \u2013 \u0438\u0434\u0435\u0430\u043b\u044c\u043d\u044b\u0435 \u043c\u0435\u0441\u0442\u0430 \u0434\u043b\u044f \u043f\u0440\u043e\u0433\u0443\u043b\u043e\u043a \u0438 \u0443\u0435\u0434\u0438\u043d\u0435\u043d\u043d\u044b\u0435 \u0443\u0433\u043e\u043b\u043a\u0438<\/li><li>\u26f0 <strong>\u041f\u0440\u0435\u043a\u0440\u0430\u0441\u043d\u044b\u0435 \u0432\u0438\u0434\u044b<\/strong> \u0432 \u0433\u043e\u0440\u044b \u0438 \u0421\u0440\u0435\u0434\u0438\u0437\u0435\u043c\u043d\u043e\u0435 \u043c\u043e\u0440\u0435<\/li><li>\ud83d\udc68\u200d\ud83d\udc69\u200d\ud83d\udc67\u200d\ud83d\udc66 <strong>\u0421\u0435\u043c\u0435\u0439\u043d\u044b\u0439 \u043e\u0442\u0434\u044b\u0445 \u0438 \u0434\u043b\u044f \u043f\u0430\u0440<\/strong> \u2013 \u043e\u0442\u0434\u0435\u043b\u044c\u043d\u0430\u044f \u0437\u043e\u043d\u0430 \u0434\u043b\u044f \u0434\u0435\u0442\u0435\u0439 \u0438 \u0432\u0437\u0440\u043e\u0441\u043b\u044b\u0445<\/li><li>\ud83d\udc86\u200d\u2640\ufe0f <strong>\u0421\u041f\u0410 \u0438 \u043e\u0437\u0434\u043e\u0440\u043e\u0432\u043b\u0435\u043d\u0438\u0435<\/strong> \u2013 \u043c\u0430\u0441\u0441\u0430\u0436\u0438, \u0445\u0430\u043c\u043c\u0430\u043c, \u0441\u0430\u0434\u044b \u0442\u0438\u0448\u0438\u043d\u044b<\/li><li>\ud83c\udfad <strong>\u0412\u0435\u0447\u0435\u0440\u043d\u0438\u0435 \u0440\u0430\u0437\u0432\u043b\u0435\u0447\u0435\u043d\u0438\u044f<\/strong> \u041a\u043e\u0441\u043c\u043e\u0441 \u0432 \u0440\u0430\u0439\u043e\u043d\u0435 \u041b\u0443\u043d\u043d\u043e\u0433\u043e \u0421\u0432\u0435\u0442\u0430<\/li><\/ul><h5>\ud83d\udccd \u042d\u043a\u0441\u043a\u0443\u0440\u0441\u0438\u0438 \u043f\u043e\u0431\u043b\u0438\u0437\u043e\u0441\u0442\u0438<\/h5><ul><li>\ud83c\udf04 \u041a\u0430\u043d\u0430\u0442\u043d\u0430\u044f \u0434\u043e\u0440\u043e\u0433\u0430 <a href=\"https:\/\/www.olymposteleferik.com\/en\" target=\"_blank\" rel=\"noopener\">\u041a\u0430\u043d\u0430\u0442\u043d\u0430\u044f \u0434\u043e\u0440\u043e\u0433\u0430 Olympos Teleferik<\/a> \u041d\u0430 \u0433\u043e\u0440\u0443 \u0422\u0430\u0445\u0442\u0430\u043b\u044c<\/li><li>\ud83c\udfde \u041f\u0435\u0448\u0435\u0445\u043e\u0434\u043d\u0430\u044f \u044d\u043a\u0441\u043a\u0443\u0440\u0441\u0438\u044f <a href=\"https:\/\/canyons.goturkiye.com\/canyons-mediterranean\" target=\"_blank\" rel=\"noopener\">\u0412 \u043a\u0430\u043d\u044c\u043e\u043d\u0435 \u0413\u0451\u0439\u043d\u044e\u043a<\/a><\/li><\/ul><h5>\ud83d\udd17 \u0421\u043c\u043e\u0442\u0440\u0438\u0442\u0435 \u0442\u0430\u043a\u0436\u0435:<\/h5><ul><li><a href=\"https:\/\/www.kookosreis.ee\/ru\/nirvana-mediterranean-excellence-hotell-turgis\/\" target=\"_blank\" rel=\"noopener\">Nirvana Mediterranean Excellence<\/a><\/li><li><a href=\"https:\/\/www.kookosreis.ee\/ru\/rixos-premium-tekirova\/\" target=\"_blank\" rel=\"noopener\">Rixos Premium \u0422\u0435\u043a\u0438\u0440\u043e\u0432\u0430<\/a><\/li><li><a href=\"https:\/\/www.kookosreis.ee\/ru\/gloria-serenity\/\" target=\"_blank\" rel=\"noopener\">Gloria Serenity<\/a><\/li><\/ul><h5>\ud83d\udeec \u0417\u0430\u0431\u0440\u043e\u043d\u0438\u0440\u0443\u0439\u0442\u0435 \u0440\u043e\u0441\u043a\u043e\u0448\u043d\u044b\u0439 \u043e\u0442\u043f\u0443\u0441\u043a \u0441 Kookos<\/h5><p><strong>\u041e\u0442\u0435\u043b\u044c Nirvana Dolce Vita \u0432 \u0422\u0443\u0440\u0446\u0438\u0438<\/strong> \u0441\u043e\u0435\u0434\u0438\u043d\u044f\u0435\u0442 <strong>\u0432\u0437\u0433\u043b\u044f\u0434\u044b, \u0432\u043a\u0443\u0441\u044b \u0438 \u043f\u0430\u043c\u044f\u0442\u043d\u044b\u0435 \u043c\u043e\u043c\u0435\u043d\u0442\u044b<\/strong> \u043d\u0430 \u044d\u043a\u0441\u043a\u043b\u044e\u0437\u0438\u0432\u043d\u043e\u043c \u043a\u0443\u0440\u043e\u0440\u0442\u0435. \u041d\u0435 \u0436\u0434\u0438\u0442\u0435 \u2014 \u043e\u0442\u043f\u0443\u0441\u043a \u0436\u0434\u0435\u0442!<\/p><p><strong>\u041b\u0435\u0442\u0430\u0439\u0442\u0435 \u0441 Kookos Reis! \ud83d\ude80<\/strong><\/p><div id=\"waavo-insert-iframe\" class=\"waavo-iframes\" data-cookie-agreement=\"1\" data-https=\"true\" data-host=\"kookosreis.waavo.com\" data-language=\"est\" data-url=\"\/travels_search\/hotel\/city_id:2175\/departure_date:2025-03-30\/departure_airport:TLL\/adults:2\/children:0\/duration:7-10\/language:est\/showPricePerPerson:1\/back:1\/6159129\/\">\u00a0<\/div><p><script type=\"text\/javascript\" src=\"https:\/\/www.waavo.com\/js\/waavo_loader.min.js\"><\/script><\/p><\/div>\t\t\t\t\t\t\t\t<\/div>\n\t\t\t\t<\/div>\n\t\t\t\t\t<\/div>\n\t\t\t\t<\/div>\n\t\t\t\t<\/div>","protected":false},"excerpt":{"rendered":"<p>\ud83c\udf3f Nirvana Dolce Vita hotell T\u00fcrgis \u2013 loodus, luksus ja vaated Nirvana Dolce Vita hotell T\u00fcrgis asub Kemeris, G\u00f6yn\u00fcki roheluses, pakkudes silmapaistvat luksust keset m\u00e4gesid ja m\u00e4nnimetsa. See viiet\u00e4rni kompleks on tuntud oma h\u00e4sti hooldatud territooriumi, lummavate vaadete ning erakordse teeninduse poolest. \ud83c\udf74 Restoranid ja maitseelamused Toitlustus Nirvana Dolce Vitas on t\u00f5eline kulinaarne reis \u2013 [&hellip;]<\/p>\n","protected":false},"author":1,"featured_media":1633,"parent":0,"menu_order":0,"comment_status":"open","ping_status":"open","template":"","meta":{"_eb_attr":"","om_disable_all_campaigns":false,"_monsterinsights_skip_tracking":false,"_monsterinsights_sitenote_active":false,"_monsterinsights_sitenote_note":"","_monsterinsights_sitenote_category":0,"site-sidebar-layout":"default","site-content-layout":"","ast-site-content-layout":"default","site-content-style":"default","site-sidebar-style":"default","ast-global-header-display":"","ast-banner-title-visibility":"","ast-main-header-display":"","ast-hfb-above-header-display":"","ast-hfb-below-header-display":"","ast-hfb-mobile-header-display":"","site-post-title":"","ast-breadcrumbs-content":"","ast-featured-img":"","footer-sml-layout":"","ast-disable-related-posts":"","theme-transparent-header-meta":"","adv-header-id-meta":"","stick-header-meta":"","header-above-stick-meta":"","header-main-stick-meta":"","header-below-stick-meta":"","astra-migrate-meta-layouts":"default","ast-page-background-enabled":"default","ast-page-background-meta":{"desktop":{"background-color":"var(--ast-global-color-4)","background-image":"","background-repeat":"repeat","background-position":"center center","background-size":"auto","background-attachment":"scroll","background-type":"","background-media":"","overlay-type":"","overlay-color":"","overlay-opacity":"","overlay-gradient":""},"tablet":{"background-color":"","background-image":"","background-repeat":"repeat","background-position":"center center","background-size":"auto","background-attachment":"scroll","background-type":"","background-media":"","overlay-type":"","overlay-color":"","overlay-opacity":"","overlay-gradient":""},"mobile":{"background-color":"","background-image":"","background-repeat":"repeat","background-position":"center center","background-size":"auto","background-attachment":"scroll","background-type":"","background-media":"","overlay-type":"","overlay-color":"","overlay-opacity":"","overlay-gradient":""}},"ast-content-background-meta":{"desktop":{"background-color":"var(--ast-global-color-5)","background-image":"","background-repeat":"repeat","background-position":"center center","background-size":"auto","background-attachment":"scroll","background-type":"","background-media":"","overlay-type":"","overlay-color":"","overlay-opacity":"","overlay-gradient":""},"tablet":{"background-color":"var(--ast-global-color-5)","background-image":"","background-repeat":"repeat","background-position":"center center","background-size":"auto","background-attachment":"scroll","background-type":"","background-media":"","overlay-type":"","overlay-color":"","overlay-opacity":"","overlay-gradient":""},"mobile":{"background-color":"var(--ast-global-color-5)","background-image":"","background-repeat":"repeat","background-position":"center center","background-size":"auto","background-attachment":"scroll","background-type":"","background-media":"","overlay-type":"","overlay-color":"","overlay-opacity":"","overlay-gradient":""}},"footnotes":""},"class_list":["post-1632","page","type-page","status-publish","has-post-thumbnail","hentry"],"aioseo_notices":[],"_links":{"self":[{"href":"https:\/\/www.kookosreis.ee\/ru\/wp-json\/wp\/v2\/pages\/1632","targetHints":{"allow":["GET"]}}],"collection":[{"href":"https:\/\/www.kookosreis.ee\/ru\/wp-json\/wp\/v2\/pages"}],"about":[{"href":"https:\/\/www.kookosreis.ee\/ru\/wp-json\/wp\/v2\/types\/page"}],"author":[{"embeddable":true,"href":"https:\/\/www.kookosreis.ee\/ru\/wp-json\/wp\/v2\/users\/1"}],"replies":[{"embeddable":true,"href":"https:\/\/www.kookosreis.ee\/ru\/wp-json\/wp\/v2\/comments?post=1632"}],"version-history":[{"count":8,"href":"https:\/\/www.kookosreis.ee\/ru\/wp-json\/wp\/v2\/pages\/1632\/revisions"}],"predecessor-version":[{"id":1641,"href":"https:\/\/www.kookosreis.ee\/ru\/wp-json\/wp\/v2\/pages\/1632\/revisions\/1641"}],"wp:featuredmedia":[{"embeddable":true,"href":"https:\/\/www.kookosreis.ee\/ru\/wp-json\/wp\/v2\/media\/1633"}],"wp:attachment":[{"href":"https:\/\/www.kookosreis.ee\/ru\/wp-json\/wp\/v2\/media?parent=1632"}],"curies":[{"name":"WP","href":"https:\/\/api.w.org\/{rel}","templated":true}]}}