{"id":1776,"date":"2025-03-27T11:50:57","date_gmt":"2025-03-27T09:50:57","guid":{"rendered":"https:\/\/www.kookosreis.ee\/?page_id=1776"},"modified":"2025-03-30T20:21:12","modified_gmt":"2025-03-30T18:21:12","slug":"gloria-serenity-resort","status":"publish","type":"page","link":"https:\/\/www.kookosreis.ee\/ru\/gloria-serenity-resort\/","title":{"rendered":"Gloria Serenity Resort"},"content":{"rendered":"<div data-elementor-type=\"wp-page\" data-elementor-id=\"1776\" class=\"elementor elementor-1776\">\n\t\t\t\t<div class=\"elementor-element elementor-element-d7ab0df e-flex e-con-boxed e-con e-parent\" data-id=\"d7ab0df\" data-element_type=\"container\" data-e-type=\"container\">\n\t\t\t\t\t<div class=\"e-con-inner\">\n\t\t\t\t<div class=\"elementor-element elementor-element-3e3940db elementor-widget elementor-widget-text-editor\" data-id=\"3e3940db\" data-element_type=\"widget\" data-e-type=\"widget\" data-widget_type=\"text-editor.default\">\n\t\t\t\t<div class=\"elementor-widget-container\">\n\t\t\t\t\t\t\t\t\t<div style=\"margin-top: 150px;\"><h4>\ud83c\udf1f Gloria Serenity Resort \u2013 \u0440\u043e\u0441\u043a\u043e\u0448\u043d\u044b\u0439 VIP-\u043e\u0442\u0434\u044b\u0445 \u0432 \u0411\u0435\u043b\u0435\u043a\u0435, \u0422\u0443\u0440\u0446\u0438\u044f<\/h4><p><strong>Gloria Serenity Resort<\/strong> \u044d\u043a\u0441\u043a\u043b\u044e\u0437\u0438\u0432\u043d\u044b\u0439 \u043f\u044f\u0442\u0438\u0437\u0432\u0435\u0437\u0434\u043e\u0447\u043d\u044b\u0439 \u043a\u0443\u0440\u043e\u0440\u0442 \u0432 \u0411\u0435\u043b\u0435\u043a\u0435, \u043f\u0440\u0435\u0434\u043b\u0430\u0433\u0430\u044e\u0449\u0438\u0439 <strong>\u0441\u043f\u043e\u043a\u043e\u0439\u043d\u044b\u0439 \u0438 \u0441\u0442\u0438\u043b\u044c\u043d\u044b\u0439 \u043e\u0442\u0434\u044b\u0445 \u043d\u0430 VIP-\u0443\u0440\u043e\u0432\u043d\u0435<\/strong>. \u042d\u0442\u043e\u0442 \u043e\u0442\u0435\u043b\u044c \u0438\u0437\u0432\u0435\u0441\u0442\u0435\u043d \u0441\u0432\u043e\u0438\u043c <strong>\u0431\u0435\u0437\u0443\u043f\u0440\u0435\u0447\u043d\u044b\u0439 \u0441\u0435\u0440\u0432\u0438\u0441, \u0437\u0435\u043b\u0435\u043d\u0430\u044f \u043f\u0440\u0438\u0440\u043e\u0434\u0430 \u0438 \u0438\u0437\u044b\u0441\u043a\u0430\u043d\u043d\u0430\u044f \u0430\u0442\u043c\u043e\u0441\u0444\u0435\u0440\u0430<\/strong> \u0441 \u0442\u043e\u0447\u043a\u0438 \u0437\u0440\u0435\u043d\u0438\u044f \u043a\u043e\u043c\u0444\u043e\u0440\u0442\u0430 \u2013 \u0438\u0434\u0435\u0430\u043b\u044c\u043d\u044b\u0439 \u0432\u044b\u0431\u043e\u0440 \u0434\u043b\u044f \u0442\u0435\u0445, \u043a\u0442\u043e \u0446\u0435\u043d\u0438\u0442 \u0440\u043e\u0441\u043a\u043e\u0448\u044c, \u0443\u0435\u0434\u0438\u043d\u0435\u043d\u0438\u0435 \u0438 \u043a\u0443\u043b\u0438\u043d\u0430\u0440\u043d\u044b\u0435 \u0438\u0437\u044b\u0441\u043a\u0438.<\/p><h5>\ud83c\udf7d \u0420\u0435\u0441\u0442\u043e\u0440\u0430\u043d\u044b \u0441 \u043e\u0431\u0441\u043b\u0443\u0436\u0438\u0432\u0430\u043d\u0438\u0435\u043c \u043f\u043e \u043c\u0435\u043d\u044e \u2013 \u0438\u0437\u044b\u0441\u043a\u0430\u043d\u043d\u0430\u044f \u0435\u0434\u0430 \u043d\u0430 \u043a\u0430\u0436\u0434\u043e\u043c \u0448\u0430\u0433\u0443<\/h5><p>\u041f\u0438\u0442\u0430\u043d\u0438\u0435 \u0432 Gloria Serenity Resort \u2014 \u044d\u0442\u043e \u0431\u043e\u043b\u044c\u0448\u0435, \u0447\u0435\u043c \u043f\u0440\u043e\u0441\u0442\u043e \u0435\u0434\u0430. \u0416\u0434\u0435\u043c \u0412\u0430\u0441 <strong>7 \u0432\u044b\u0441\u043e\u043a\u043e\u043a\u043b\u0430\u0441\u0441\u043d\u044b\u0445 \u0440\u0435\u0441\u0442\u043e\u0440\u0430\u043d\u043e\u0432 \u0441 \u043e\u0431\u0441\u043b\u0443\u0436\u0438\u0432\u0430\u043d\u0438\u0435\u043c \u043f\u043e \u043c\u0435\u043d\u044e<\/strong>, \u0432\u043a\u043b\u044e\u0447\u0430\u044f \u0444\u0440\u0430\u043d\u0446\u0443\u0437\u0441\u043a\u0443\u044e, \u0441\u0440\u0435\u0434\u0438\u0437\u0435\u043c\u043d\u043e\u043c\u043e\u0440\u0441\u043a\u0443\u044e, \u044f\u043f\u043e\u043d\u0441\u043a\u0443\u044e \u0438 \u0442\u0443\u0440\u0435\u0446\u043a\u0443\u044e \u043a\u0443\u0445\u043d\u044e. \u0412\u0441\u0435 \u0431\u043b\u044e\u0434\u0430 \u043f\u0440\u0438\u0433\u043e\u0442\u043e\u0432\u043b\u0435\u043d\u044b <strong>\u043f\u0440\u0438\u0433\u043e\u0442\u043e\u0432\u043b\u0435\u043d\u043e \u0438\u0437 \u0441\u0432\u0435\u0436\u0438\u0445 \u0438\u043d\u0433\u0440\u0435\u0434\u0438\u0435\u043d\u0442\u043e\u0432 \u0438 \u044d\u043b\u0435\u0433\u0430\u043d\u0442\u043d\u043e \u043f\u043e\u0434\u0430\u043d\u043e<\/strong> \u2013 \u043d\u0430\u0441\u0442\u043e\u044f\u0449\u0438\u0439 \u043f\u0440\u0430\u0437\u0434\u043d\u0438\u043a \u0432\u043a\u0443\u0441\u0430 \u0434\u043b\u044f \u043a\u0430\u0436\u0434\u043e\u0433\u043e \u0433\u0443\u0440\u043c\u0430\u043d\u0430. \ud83c\udf64\ud83c\udf77<\/p><h5>\ud83c\udfaf \u0410\u043a\u0442\u0438\u0432\u043d\u044b\u0439 \u043e\u0442\u0434\u044b\u0445 \u0438 \u0441\u043f\u043e\u043a\u043e\u0439\u043d\u044b\u0439 \u0440\u0435\u043b\u0430\u043a\u0441<\/h5><p>\u041a\u0443\u0440\u043e\u0440\u0442 Gloria Serenity \u043f\u0440\u0435\u0434\u043b\u0430\u0433\u0430\u0435\u0442 \u0431\u0430\u043b\u0430\u043d\u0441 \u043c\u0435\u0436\u0434\u0443 \u0430\u043a\u0442\u0438\u0432\u043d\u043e\u0441\u0442\u044c\u044e \u0438 \u043e\u0442\u0434\u044b\u0445\u043e\u043c: \u0438\u0433\u0440\u0430\u0439\u0442\u0435 \u0432 \u0433\u043e\u043b\u044c\u0444, \u043f\u043e\u0441\u0435\u0449\u0430\u0439\u0442\u0435 \u0437\u0430\u043d\u044f\u0442\u0438\u044f \u0439\u043e\u0433\u043e\u0439 \u0438 \u043f\u0438\u043b\u0430\u0442\u0435\u0441\u043e\u043c \u0438\u043b\u0438 \u043d\u0430\u0441\u043b\u0430\u0436\u0434\u0430\u0439\u0442\u0435\u0441\u044c \u0432\u043e\u0434\u043d\u044b\u043c\u0438 \u0438 \u043d\u0430\u0437\u0435\u043c\u043d\u044b\u043c\u0438 \u0432\u0438\u0434\u0430\u043c\u0438 \u0441\u043f\u043e\u0440\u0442\u0430. \u0412 \u043a\u043e\u043d\u0446\u0435 \u0434\u043d\u044f, \u0436\u0434\u0443 \u0442\u0435\u0431\u044f <strong>\u0440\u043e\u0441\u043a\u043e\u0448\u043d\u044b\u0439 \u0421\u041f\u0410-\u0446\u0435\u043d\u0442\u0440<\/strong> \u2013 \u043c\u0430\u0441\u0441\u0430\u0436, \u043f\u0430\u0440\u043e\u0432\u0430\u044f \u0431\u0430\u043d\u044f, \u0445\u0430\u043c\u043c\u0430\u043c \u0438 \u0442\u0438\u0445\u0438\u0435 \u0441\u0430\u0434\u044b. \ud83d\udc86\u200d\u2642\ufe0f\ud83c\udf3a<\/p><h5>\ud83d\udc68\u200d\ud83d\udc69\u200d\ud83d\udc67\u200d\ud83d\udc66 \u0420\u0430\u0434\u043e\u0441\u0442\u044c \u0438 \u043f\u0440\u0438\u043a\u043b\u044e\u0447\u0435\u043d\u0438\u044f \u0434\u043b\u044f \u0434\u0435\u0442\u0435\u0439<\/h5><p>\u0412 \u043e\u0442\u0435\u043b\u0435 \u0435\u0441\u0442\u044c <strong>\u043f\u0440\u043e\u0444\u0435\u0441\u0441\u0438\u043e\u043d\u0430\u043b\u044c\u043d\u044b\u0439 \u0434\u0435\u0442\u0441\u043a\u0438\u0439 \u0446\u0435\u043d\u0442\u0440<\/strong>, \u043a\u043e\u0442\u043e\u0440\u044b\u0439 \u043f\u0440\u0435\u0434\u043b\u0430\u0433\u0430\u0435\u0442 \u0440\u0430\u0437\u0432\u043b\u0435\u0447\u0435\u043d\u0438\u044f \u0434\u043b\u044f \u0434\u0435\u0442\u0435\u0439 \u0432\u0441\u0435\u0445 \u0432\u043e\u0437\u0440\u0430\u0441\u0442\u043e\u0432. \u041c\u0435\u0440\u043e\u043f\u0440\u0438\u044f\u0442\u0438\u044f, \u043c\u0430\u0441\u0442\u0435\u0440-\u043a\u043b\u0430\u0441\u0441\u044b, \u043e\u0442\u043a\u0440\u044b\u0442\u044b\u0439 \u0431\u0430\u0441\u0441\u0435\u0439\u043d \u0438 \u0438\u0433\u0440\u043e\u0432\u0430\u044f \u043f\u043b\u043e\u0449\u0430\u0434\u043a\u0430 \u0441\u043e\u0437\u0434\u0430\u0434\u0443\u0442 \u043d\u0435\u0437\u0430\u0431\u044b\u0432\u0430\u0435\u043c\u044b\u0439 \u043e\u0442\u0434\u044b\u0445 \u0434\u043b\u044f \u0432\u0430\u0448\u0435\u0433\u043e \u0440\u0435\u0431\u0435\u043d\u043a\u0430. \ud83c\udfa8\ud83e\udd38\u200d\u2640\ufe0f<\/p><h5>\ud83d\udc8e \u041f\u043e\u0447\u0435\u043c\u0443 \u0441\u0442\u043e\u0438\u0442 \u0432\u044b\u0431\u0440\u0430\u0442\u044c Gloria Serenity Resort?<\/h5><ul><li>\u2728 <strong>VIP-\u043e\u0431\u0441\u043b\u0443\u0436\u0438\u0432\u0430\u043d\u0438\u0435<\/strong> \u2013 \u0438\u043d\u0434\u0438\u0432\u0438\u0434\u0443\u0430\u043b\u044c\u043d\u044b\u0439 \u043f\u043e\u0434\u0445\u043e\u0434 \u043a \u043a\u0430\u0436\u0434\u043e\u043c\u0443 \u0433\u043e\u0441\u0442\u044e<\/li><li>\ud83c\udf7d <strong>\u0418\u0437\u044b\u0441\u043a\u0430\u043d\u043d\u044b\u0435 \u0440\u0435\u0441\u0442\u043e\u0440\u0430\u043d\u044b \u0441 \u043e\u0431\u0441\u043b\u0443\u0436\u0438\u0432\u0430\u043d\u0438\u0435\u043c \u043f\u043e \u043c\u0435\u043d\u044e<\/strong> \u2013 \u0432\u043a\u0443\u0441\u044b, \u043a\u043e\u0442\u043e\u0440\u044b\u0435 \u0437\u0430\u043f\u043e\u043c\u043d\u044f\u0442\u0441\u044f<\/li><li>\ud83c\udfdd <strong>\u0427\u0430\u0441\u0442\u043d\u044b\u0439 \u043f\u043b\u044f\u0436 \u0438 \u0437\u0435\u043b\u0435\u043d\u044c<\/strong> \u2013 \u0441\u043f\u043e\u043a\u043e\u0439\u043d\u0430\u044f \u0430\u0442\u043c\u043e\u0441\u0444\u0435\u0440\u0430 \u0438 \u044d\u043b\u0435\u0433\u0430\u043d\u0442\u043d\u043e\u0441\u0442\u044c<\/li><li>\ud83d\udc68\u200d\ud83d\udc69\u200d\ud83d\udc67\u200d\ud83d\udc66 <strong>\u0414\u043b\u044f \u0441\u0435\u043c\u0435\u0439\u043d\u043e\u0433\u043e \u043e\u0442\u0434\u044b\u0445\u0430<\/strong> \u2013 \u043e\u0442\u0434\u0435\u043b\u044c\u043d\u044b\u0435 \u0437\u043e\u043d\u044b \u0438 \u0437\u0430\u043d\u044f\u0442\u0438\u044f \u0434\u043b\u044f \u0434\u0435\u0442\u0435\u0439<\/li><li>\ud83d\udc86\u200d\u2640\ufe0f <strong>\u0421\u041f\u0410 \u0438 \u043e\u0437\u0434\u043e\u0440\u043e\u0432\u043b\u0435\u043d\u0438\u0435<\/strong> \u2013 \u0440\u043e\u0441\u043a\u043e\u0448\u043d\u044b\u0439 \u043e\u0442\u0434\u044b\u0445 \u043d\u0430 \u043a\u0430\u0436\u0434\u043e\u043c \u0443\u0440\u043e\u0432\u043d\u0435<\/li><\/ul><h5>\ud83d\udccd \u0420\u0435\u043a\u043e\u043c\u0435\u043d\u0434\u0443\u0435\u043c\u044b\u0435 \u044d\u043a\u0441\u043a\u0443\u0440\u0441\u0438\u0438 \u043f\u043e\u0431\u043b\u0438\u0437\u043e\u0441\u0442\u0438<\/h5><ul><li>\ud83d\udc2c <a href=\"https:\/\/thelandoflegendsthemepark.com\/\" target=\"_blank\" rel=\"noopener\">The Land of Legends<\/a> \u2013 \u0430\u043a\u0432\u0430\u043f\u0430\u0440\u043a \u0438 \u0448\u043e\u0443 \u0434\u043b\u044f \u0432\u0441\u0435\u0439 \u0441\u0435\u043c\u044c\u0438<\/li><li>\ud83c\udfde <a href=\"https:\/\/www.tripadvisor.com\/Attraction_Review-g312725-d3400576-Reviews-Koprulu_Canyon_Beskonak-Koprulu_Canyon_National_Park_Turkish_Mediterranean_Coast.html\" target=\"_blank\" rel=\"noopener\">\u041a\u0430\u043d\u044c\u043e\u043d \u041a\u0451\u043f\u0440\u044e\u043b\u044e<\/a> \u2013 \u0440\u0430\u0444\u0442\u0438\u043d\u0433 \u0438 \u043f\u043e\u0445\u043e\u0434\u044b \u043d\u0430 \u043f\u0440\u0438\u0440\u043e\u0434\u0443<\/li><\/ul><h5>\ud83d\udd17 \u0422\u0430\u043a\u0436\u0435 \u043e\u0437\u043d\u0430\u043a\u043e\u043c\u044c\u0442\u0435\u0441\u044c \u0441 \u044d\u0442\u0438\u043c\u0438 \u0440\u043e\u0441\u043a\u043e\u0448\u043d\u044b\u043c\u0438 \u0432\u0430\u0440\u0438\u0430\u043d\u0442\u0430\u043c\u0438:<\/h5><ul><li><a href=\"https:\/\/www.kookosreis.ee\/ru\/ela-excellence-resort-belek\/\" target=\"_blank\" rel=\"noopener\">Ela Excellence Resort<\/a><\/li><li><a href=\"https:\/\/www.kookosreis.ee\/ru\/rixos-premium-belek\/\" target=\"_blank\" rel=\"noopener\">Rixos Premium Belek<\/a><\/li><li><a href=\"https:\/\/www.kookosreis.ee\/ru\/gloria-verde-resort\/\" target=\"_blank\" rel=\"noopener\">Gloria Verde Resort<\/a><\/li><\/ul><h5>\ud83d\udeec \u0417\u0430\u0431\u0440\u043e\u043d\u0438\u0440\u0443\u0439\u0442\u0435 \u044d\u043a\u0441\u043a\u043b\u044e\u0437\u0438\u0432\u043d\u044b\u0439 \u043e\u0442\u043f\u0443\u0441\u043a \u0441 Kookos<\/h5><p><strong>Gloria Serenity Resort<\/strong> \u0438\u0434\u0435\u0430\u043b\u044c\u043d\u043e\u0435 \u043c\u0435\u0441\u0442\u043e \u0434\u043b\u044f \u0442\u0435\u0445, \u043a\u0442\u043e \u0438\u0449\u0435\u0442 \u0440\u043e\u0441\u043a\u043e\u0448\u044c, \u0441\u043f\u043e\u043a\u043e\u0439\u0441\u0442\u0432\u0438\u0435 \u0438 \u0432\u044b\u0441\u043e\u043a\u043e\u043a\u043b\u0430\u0441\u0441\u043d\u044b\u0439 \u0441\u0435\u0440\u0432\u0438\u0441. \u0417\u0430\u0431\u0443\u0434\u044c\u0442\u0435 \u043e \u043f\u043e\u0432\u0441\u0435\u0434\u043d\u0435\u0432\u043d\u043e\u0439 \u0436\u0438\u0437\u043d\u0438 \u0438 \u043e\u043a\u0443\u043d\u0438\u0442\u0435\u0441\u044c \u0432 \u043c\u0438\u0440, \u0433\u0434\u0435 <strong>\u0432\u0441\u0435 \u0441\u0434\u0435\u043b\u0430\u043d\u043e \u0434\u043b\u044f \u0432\u0430\u0448\u0435\u0433\u043e \u0443\u0434\u043e\u0432\u043e\u043b\u044c\u0441\u0442\u0432\u0438\u044f<\/strong>.<br \/><strong>\u041b\u0435\u0442\u0430\u0439\u0442\u0435 \u0441 Kookos Reis! \ud83d\ude80<\/strong><\/p><div id=\"waavo-insert-iframe\" class=\"waavo-iframes\" data-cookie-agreement=\"1\" data-https=\"true\" data-host=\"kookosreis.waavo.com\" data-language=\"est\" data-url=\"\/travels_search\/hotel\/city_id:2175\/departure_date:2025-03-30\/departure_airport:TLL\/adults:2\/children:0\/duration:7-10\/language:est\/showPricePerPerson:1\/back:1\/6158968\/\">\u00a0<\/div><p><script type=\"text\/javascript\" src=\"https:\/\/www.waavo.com\/js\/waavo_loader.min.js\"><\/script><\/p><\/div>\t\t\t\t\t\t\t\t<\/div>\n\t\t\t\t<\/div>\n\t\t\t\t\t<\/div>\n\t\t\t\t<\/div>\n\t\t\t\t<\/div>","protected":false},"excerpt":{"rendered":"<p>\ud83c\udf1f Gloria Serenity Resort \u2013 T\u00fcrgi luksuslik VIP-puhkus Belekis Gloria Serenity Resort on Belekis asuv eksklusiivne viiet\u00e4rni kuurort, mis pakub rahulikku ja stiilset puhkust VIP-tasemel. See hotell on tuntud oma t\u00e4iusliku teeninduse, rohelise looduskeskkonna ja rafineeritud atmosf\u00e4\u00e4ri poolest \u2013 ideaalne valik neile, kes hindavad luksust, privaatsust ja maitseelamusi. \ud83c\udf7d \u00c0 la carte restoranid \u2013 gurmee [&hellip;]<\/p>\n","protected":false},"author":1,"featured_media":1777,"parent":0,"menu_order":0,"comment_status":"open","ping_status":"open","template":"","meta":{"_eb_attr":"","om_disable_all_campaigns":false,"_monsterinsights_skip_tracking":false,"_monsterinsights_sitenote_active":false,"_monsterinsights_sitenote_note":"","_monsterinsights_sitenote_category":0,"site-sidebar-layout":"default","site-content-layout":"","ast-site-content-layout":"default","site-content-style":"default","site-sidebar-style":"default","ast-global-header-display":"","ast-banner-title-visibility":"","ast-main-header-display":"","ast-hfb-above-header-display":"","ast-hfb-below-header-display":"","ast-hfb-mobile-header-display":"","site-post-title":"","ast-breadcrumbs-content":"","ast-featured-img":"","footer-sml-layout":"","ast-disable-related-posts":"","theme-transparent-header-meta":"","adv-header-id-meta":"","stick-header-meta":"","header-above-stick-meta":"","header-main-stick-meta":"","header-below-stick-meta":"","astra-migrate-meta-layouts":"set","ast-page-background-enabled":"default","ast-page-background-meta":{"desktop":{"background-color":"var(--ast-global-color-4)","background-image":"","background-repeat":"repeat","background-position":"center center","background-size":"auto","background-attachment":"scroll","background-type":"","background-media":"","overlay-type":"","overlay-color":"","overlay-opacity":"","overlay-gradient":""},"tablet":{"background-color":"","background-image":"","background-repeat":"repeat","background-position":"center center","background-size":"auto","background-attachment":"scroll","background-type":"","background-media":"","overlay-type":"","overlay-color":"","overlay-opacity":"","overlay-gradient":""},"mobile":{"background-color":"","background-image":"","background-repeat":"repeat","background-position":"center center","background-size":"auto","background-attachment":"scroll","background-type":"","background-media":"","overlay-type":"","overlay-color":"","overlay-opacity":"","overlay-gradient":""}},"ast-content-background-meta":{"desktop":{"background-color":"var(--ast-global-color-5)","background-image":"","background-repeat":"repeat","background-position":"center center","background-size":"auto","background-attachment":"scroll","background-type":"","background-media":"","overlay-type":"","overlay-color":"","overlay-opacity":"","overlay-gradient":""},"tablet":{"background-color":"var(--ast-global-color-5)","background-image":"","background-repeat":"repeat","background-position":"center center","background-size":"auto","background-attachment":"scroll","background-type":"","background-media":"","overlay-type":"","overlay-color":"","overlay-opacity":"","overlay-gradient":""},"mobile":{"background-color":"var(--ast-global-color-5)","background-image":"","background-repeat":"repeat","background-position":"center center","background-size":"auto","background-attachment":"scroll","background-type":"","background-media":"","overlay-type":"","overlay-color":"","overlay-opacity":"","overlay-gradient":""}},"footnotes":""},"class_list":["post-1776","page","type-page","status-publish","has-post-thumbnail","hentry"],"aioseo_notices":[],"_links":{"self":[{"href":"https:\/\/www.kookosreis.ee\/ru\/wp-json\/wp\/v2\/pages\/1776","targetHints":{"allow":["GET"]}}],"collection":[{"href":"https:\/\/www.kookosreis.ee\/ru\/wp-json\/wp\/v2\/pages"}],"about":[{"href":"https:\/\/www.kookosreis.ee\/ru\/wp-json\/wp\/v2\/types\/page"}],"author":[{"embeddable":true,"href":"https:\/\/www.kookosreis.ee\/ru\/wp-json\/wp\/v2\/users\/1"}],"replies":[{"embeddable":true,"href":"https:\/\/www.kookosreis.ee\/ru\/wp-json\/wp\/v2\/comments?post=1776"}],"version-history":[{"count":4,"href":"https:\/\/www.kookosreis.ee\/ru\/wp-json\/wp\/v2\/pages\/1776\/revisions"}],"predecessor-version":[{"id":1881,"href":"https:\/\/www.kookosreis.ee\/ru\/wp-json\/wp\/v2\/pages\/1776\/revisions\/1881"}],"wp:featuredmedia":[{"embeddable":true,"href":"https:\/\/www.kookosreis.ee\/ru\/wp-json\/wp\/v2\/media\/1777"}],"wp:attachment":[{"href":"https:\/\/www.kookosreis.ee\/ru\/wp-json\/wp\/v2\/media?parent=1776"}],"curies":[{"name":"WP","href":"https:\/\/api.w.org\/{rel}","templated":true}]}}