{"id":1816,"date":"2025-03-30T09:52:03","date_gmt":"2025-03-30T07:52:03","guid":{"rendered":"https:\/\/www.kookosreis.ee\/?page_id=1816"},"modified":"2025-06-24T13:15:29","modified_gmt":"2025-06-24T11:15:29","slug":"serry-beach-resort","status":"publish","type":"page","link":"https:\/\/www.kookosreis.ee\/ru\/serry-beach-resort\/","title":{"rendered":"Serry Beach Resort"},"content":{"rendered":"<div data-elementor-type=\"wp-page\" data-elementor-id=\"1816\" class=\"elementor elementor-1816\">\n\t\t\t\t<div class=\"elementor-element elementor-element-d7ab0df e-flex e-con-boxed e-con e-parent\" data-id=\"d7ab0df\" data-element_type=\"container\" data-e-type=\"container\">\n\t\t\t\t\t<div class=\"e-con-inner\">\n\t\t\t\t<div class=\"elementor-element elementor-element-3e3940db elementor-widget elementor-widget-text-editor\" data-id=\"3e3940db\" data-element_type=\"widget\" data-e-type=\"widget\" data-widget_type=\"text-editor.default\">\n\t\t\t\t<div class=\"elementor-widget-container\">\n\t\t\t\t\t\t\t\t\t<div style=\"padding-top: 150px;\">\n<h4>Serry Beach Resort<\/h4>\n<p>\ud83c\udf05 <strong>Serry Beach Resort<\/strong> \u2014 \u0441\u043e\u0432\u0440\u0435\u043c\u0435\u043d\u043d\u044b\u0439 \u0438 \u044d\u043b\u0435\u0433\u0430\u043d\u0442\u043d\u044b\u0439 \u043f\u044f\u0442\u0438\u0437\u0432\u0435\u0437\u0434\u043e\u0447\u043d\u044b\u0439 \u043e\u0442\u0435\u043b\u044c \u043f\u0440\u044f\u043c\u043e \u043d\u0430 \u043f\u043b\u044f\u0436\u0435 \u0432 \u0425\u0443\u0440\u0433\u0430\u0434\u0435. \u0418\u0434\u0435\u0430\u043b\u044c\u043d\u044b\u0439 \u0432\u044b\u0431\u043e\u0440 \u0434\u043b\u044f \u0442\u0435\u0445, \u043a\u0442\u043e \u0446\u0435\u043d\u0438\u0442 <strong>\u0431\u043e\u043b\u0435\u0435 \u0432\u044b\u0441\u043e\u043a\u0438\u0439 \u0443\u0440\u043e\u0432\u0435\u043d\u044c, \u0440\u043e\u0441\u043a\u043e\u0448\u044c \u0438 \u0431\u043b\u0438\u0437\u043e\u0441\u0442\u044c \u043a \u0433\u043e\u0440\u043e\u0434\u0443<\/strong>.<\/p>\n<h5>\ud83d\udca1 \u041f\u043e\u0447\u0435\u043c\u0443 \u0441\u0442\u043e\u0438\u0442 \u0432\u044b\u0431\u0440\u0430\u0442\u044c \u0421\u0435\u0440\u0440\u0438-\u0411\u0438\u0447?<\/h5>\n<ul>\n<li>\ud83c\udfd6 \u0421\u043e\u0432\u0440\u0435\u043c\u0435\u043d\u043d\u044b\u0439 \u0434\u0438\u0437\u0430\u0439\u043d \u0438 \u043f\u0440\u043e\u0441\u0442\u043e\u0440\u043d\u044b\u0435 \u043d\u043e\u043c\u0435\u0440\u0430<\/li>\n<li>\ud83c\udf78 \u041c\u043e\u0434\u043d\u044b\u0435 \u0431\u0430\u0440\u044b \u043d\u0430 \u043a\u0440\u044b\u0448\u0435 \u0438 \u0440\u0435\u0441\u0442\u043e\u0440\u0430\u043d\u044b \u0441 \u043e\u0431\u0441\u043b\u0443\u0436\u0438\u0432\u0430\u043d\u0438\u0435\u043c \u043f\u043e \u043c\u0435\u043d\u044e<\/li>\n<li>\ud83d\udecd \u0426\u0435\u043d\u0442\u0440 \u0425\u0443\u0440\u0433\u0430\u0434\u044b \u0432\u0441\u0435\u0433\u043e \u0432 \u043d\u0435\u0441\u043a\u043e\u043b\u044c\u043a\u0438\u0445 \u043c\u0438\u043d\u0443\u0442\u0430\u0445 \u0445\u043e\u0434\u044c\u0431\u044b.<\/li>\n<li>\ud83c\udf0a \u0427\u0430\u0441\u0442\u043d\u044b\u0439 \u043f\u043b\u044f\u0436 \u0438 \u043a\u0430\u0447\u0435\u0441\u0442\u0432\u0435\u043d\u043d\u044b\u0435 \u0448\u0435\u0437\u043b\u043e\u043d\u0433\u0438<\/li>\n<li>\ud83e\uddd8\u200d\u2640\ufe0f \u0420\u0430\u0441\u0441\u043b\u0430\u0431\u043b\u044f\u044e\u0449\u0438\u0439 \u0421\u041f\u0410 \u0438 \u0437\u043e\u043d\u044b \u0434\u043b\u044f \u0432\u0437\u0440\u043e\u0441\u043b\u044b\u0445<\/li>\n<\/ul>\n<h5>\ud83c\udf1f \u0420\u0435\u0439\u0442\u0438\u043d\u0433 \u0438 \u0441\u0442\u0438\u043b\u044c<\/h5>\n<p><strong>4.8<\/strong> \u2013 \u0413\u043e\u0441\u0442\u0438 \u043e\u0441\u043e\u0431\u0435\u043d\u043d\u043e \u0446\u0435\u043d\u044f\u0442 \u0441\u0442\u0438\u043b\u044c \u043e\u0442\u0435\u043b\u044f, \u0435\u0434\u0443 \u0438 \u0435\u0433\u043e \u0440\u0430\u0441\u043f\u043e\u043b\u043e\u0436\u0435\u043d\u0438\u0435. <strong>\u043e\u0434\u0438\u043d \u0438\u0437 \u043d\u043e\u0432\u0435\u0439\u0448\u0438\u0445 \u0438 \u0441\u0430\u043c\u044b\u0445 \u043f\u043e\u043f\u0443\u043b\u044f\u0440\u043d\u044b\u0445 \u0432\u0430\u0440\u0438\u0430\u043d\u0442\u043e\u0432 \u0432 \u0425\u0443\u0440\u0433\u0430\u0434\u0435<\/strong>.<\/p>\n<h5>\ud83d\udccd \u041c\u0435\u0441\u0442\u043e\u043f\u043e\u043b\u043e\u0436\u0435\u043d\u0438\u0435<\/h5>\n<p>\u041e\u0442\u0435\u043b\u044c \u0440\u0430\u0441\u043f\u043e\u043b\u043e\u0436\u0435\u043d <a href=\"\/ru\/\\&quot;https:\/\/goo.gl\/maps\/6rzoVv2AYq42\\&quot;\/\" target=\"\\&quot;_blank\\&quot;\">\u0425\u0443\u0440\u0433\u0430\u0434\u0430 \u041c\u0430\u0440\u0438\u043d\u0430<\/a> \u0420\u044f\u0434\u043e\u043c \u2014 \u0438\u0434\u0435\u0430\u043b\u044c\u043d\u043e\u0435 \u043c\u0435\u0441\u0442\u043e \u0434\u043b\u044f \u043f\u0440\u043e\u0433\u0443\u043b\u043e\u043a, \u0443\u0436\u0438\u043d\u043e\u0432 \u0438 \u043e\u0442\u043f\u0440\u0430\u0432\u043d\u043e\u0439 \u0442\u043e\u0447\u043a\u0438 \u0434\u043b\u044f \u044d\u043a\u0441\u043a\u0443\u0440\u0441\u0438\u0439. \u0414\u043e \u0430\u044d\u0440\u043e\u043f\u043e\u0440\u0442\u0430 \u0432\u0441\u0435\u0433\u043e 10\u201315 \u043c\u0438\u043d\u0443\u0442 \u0435\u0437\u0434\u044b.<\/p>\n<h5>\ud83d\udd17 \u041c\u044b \u0442\u0430\u043a\u0436\u0435 \u0440\u0435\u043a\u043e\u043c\u0435\u043d\u0434\u0443\u0435\u043c:<\/h5>\n<ul>\n<li><a href=\"\/ru\/\\&quot;\/steigenberger-al-dau-beach\\&quot;\/\">\u041f\u043b\u044f\u0436 \u0428\u0442\u0430\u0439\u0433\u0435\u043d\u0431\u0435\u0440\u0433\u0435\u0440 \u0410\u043b\u044c \u0414\u0430\u0443<\/a><\/li>\n<li><a href=\"\/ru\/\\&quot;\/meraki-resort\\&quot;\/\">\u041a\u0443\u0440\u043e\u0440\u0442 \u041c\u0435\u0440\u0430\u043a\u0438<\/a><\/li>\n<li><a href=\"\/ru\/\\&quot;\/pure-lifestyle\\&quot;\/\">Steigenberger \u0427\u0438\u0441\u0442\u044b\u0439 \u043e\u0431\u0440\u0430\u0437 \u0436\u0438\u0437\u043d\u0438<\/a><\/li>\n<\/ul>\n<p><strong>\u041b\u0435\u0442\u0430\u0439\u0442\u0435 \u0441 Kookos Reis!<\/strong> \ud83d\ude80<\/p>\n<!-- WAAVO IFRAME -->\n<div id=\"waavo-insert-iframe\" class=\"waavo-iframes\" data-cookie-agreement=\"1\" data-https=\"true\" data-host=\"kookosreis.waavo.com\" data-language=\"est\" data-url=\"\/travels_search\/hotel\/city_id:2175\/departure_date:2025-03-30\/departure_airport:TLL\/adults:2\/children:0\/duration:7-10\/language:est\/showPricePerPerson:1\/back:1\/8730803\/\">\u00a0<\/div>\n<script type=\"text\/javascript\" src=\"https:\/\/www.waavo.com\/js\/waavo_loader.min.js\"><\/script><\/div>\t\t\t\t\t\t\t\t<\/div>\n\t\t\t\t<\/div>\n\t\t\t\t\t<\/div>\n\t\t\t\t<\/div>\n\t\t\t\t<\/div>","protected":false},"excerpt":{"rendered":"<p>Serry Beach Resort \ud83c\udf05 Serry Beach Resort on modernne ja elegantne viiet\u00e4rnihotell otse Hurghada rannas. See on ideaalne valik neile, kes hindavad k\u00f5rgemat taset, luksust ja l\u00e4hedust linnale. \ud83d\udca1 Miks valida Serry Beach? \ud83c\udfd6 Kaasaegne disain ja avarad toad \ud83c\udf78 Trendikad rooftop-baarid ja \u00e0 la carte restoranid \ud83d\udecd Hurghada kesklinn vaid l\u00fchikese jalutusk\u00e4igu kaugusel \ud83c\udf0a [&hellip;]<\/p>\n","protected":false},"author":1,"featured_media":2070,"parent":0,"menu_order":0,"comment_status":"open","ping_status":"open","template":"","meta":{"_eb_attr":"","om_disable_all_campaigns":false,"_monsterinsights_skip_tracking":false,"_monsterinsights_sitenote_active":false,"_monsterinsights_sitenote_note":"","_monsterinsights_sitenote_category":0,"site-sidebar-layout":"default","site-content-layout":"","ast-site-content-layout":"default","site-content-style":"default","site-sidebar-style":"default","ast-global-header-display":"","ast-banner-title-visibility":"","ast-main-header-display":"","ast-hfb-above-header-display":"","ast-hfb-below-header-display":"","ast-hfb-mobile-header-display":"","site-post-title":"","ast-breadcrumbs-content":"","ast-featured-img":"","footer-sml-layout":"","ast-disable-related-posts":"","theme-transparent-header-meta":"","adv-header-id-meta":"","stick-header-meta":"","header-above-stick-meta":"","header-main-stick-meta":"","header-below-stick-meta":"","astra-migrate-meta-layouts":"set","ast-page-background-enabled":"default","ast-page-background-meta":{"desktop":{"background-color":"var(--ast-global-color-4)","background-image":"","background-repeat":"repeat","background-position":"center center","background-size":"auto","background-attachment":"scroll","background-type":"","background-media":"","overlay-type":"","overlay-color":"","overlay-opacity":"","overlay-gradient":""},"tablet":{"background-color":"","background-image":"","background-repeat":"repeat","background-position":"center center","background-size":"auto","background-attachment":"scroll","background-type":"","background-media":"","overlay-type":"","overlay-color":"","overlay-opacity":"","overlay-gradient":""},"mobile":{"background-color":"","background-image":"","background-repeat":"repeat","background-position":"center center","background-size":"auto","background-attachment":"scroll","background-type":"","background-media":"","overlay-type":"","overlay-color":"","overlay-opacity":"","overlay-gradient":""}},"ast-content-background-meta":{"desktop":{"background-color":"var(--ast-global-color-5)","background-image":"","background-repeat":"repeat","background-position":"center center","background-size":"auto","background-attachment":"scroll","background-type":"","background-media":"","overlay-type":"","overlay-color":"","overlay-opacity":"","overlay-gradient":""},"tablet":{"background-color":"var(--ast-global-color-5)","background-image":"","background-repeat":"repeat","background-position":"center center","background-size":"auto","background-attachment":"scroll","background-type":"","background-media":"","overlay-type":"","overlay-color":"","overlay-opacity":"","overlay-gradient":""},"mobile":{"background-color":"var(--ast-global-color-5)","background-image":"","background-repeat":"repeat","background-position":"center center","background-size":"auto","background-attachment":"scroll","background-type":"","background-media":"","overlay-type":"","overlay-color":"","overlay-opacity":"","overlay-gradient":""}},"footnotes":""},"class_list":["post-1816","page","type-page","status-publish","has-post-thumbnail","hentry"],"aioseo_notices":[],"_links":{"self":[{"href":"https:\/\/www.kookosreis.ee\/ru\/wp-json\/wp\/v2\/pages\/1816","targetHints":{"allow":["GET"]}}],"collection":[{"href":"https:\/\/www.kookosreis.ee\/ru\/wp-json\/wp\/v2\/pages"}],"about":[{"href":"https:\/\/www.kookosreis.ee\/ru\/wp-json\/wp\/v2\/types\/page"}],"author":[{"embeddable":true,"href":"https:\/\/www.kookosreis.ee\/ru\/wp-json\/wp\/v2\/users\/1"}],"replies":[{"embeddable":true,"href":"https:\/\/www.kookosreis.ee\/ru\/wp-json\/wp\/v2\/comments?post=1816"}],"version-history":[{"count":11,"href":"https:\/\/www.kookosreis.ee\/ru\/wp-json\/wp\/v2\/pages\/1816\/revisions"}],"predecessor-version":[{"id":2194,"href":"https:\/\/www.kookosreis.ee\/ru\/wp-json\/wp\/v2\/pages\/1816\/revisions\/2194"}],"wp:featuredmedia":[{"embeddable":true,"href":"https:\/\/www.kookosreis.ee\/ru\/wp-json\/wp\/v2\/media\/2070"}],"wp:attachment":[{"href":"https:\/\/www.kookosreis.ee\/ru\/wp-json\/wp\/v2\/media?parent=1816"}],"curies":[{"name":"WP","href":"https:\/\/api.w.org\/{rel}","templated":true}]}}