{"id":2228,"date":"2025-06-24T12:00:04","date_gmt":"2025-06-24T10:00:04","guid":{"rendered":"https:\/\/www.kookosreis.ee\/?page_id=2228"},"modified":"2025-06-24T12:04:38","modified_gmt":"2025-06-24T10:04:38","slug":"premier-le-reve-hotel","status":"publish","type":"page","link":"https:\/\/www.kookosreis.ee\/ru\/premier-le-reve-hotel\/","title":{"rendered":"\u041e\u0442\u0435\u043b\u044c \u041f\u0440\u0435\u043c\u044c\u0435\u0440 \u041b\u0435 \u0420\u0435\u0432\u0435"},"content":{"rendered":"<div data-elementor-type=\"wp-page\" data-elementor-id=\"2228\" class=\"elementor elementor-2228\">\n\t\t\t\t<div class=\"elementor-element elementor-element-d7ab0df e-flex e-con-boxed e-con e-parent\" data-id=\"d7ab0df\" data-element_type=\"container\" data-e-type=\"container\">\n\t\t\t\t\t<div class=\"e-con-inner\">\n\t\t\t\t<div class=\"elementor-element elementor-element-3e3940db elementor-widget elementor-widget-text-editor\" data-id=\"3e3940db\" data-element_type=\"widget\" data-e-type=\"widget\" data-widget_type=\"text-editor.default\">\n\t\t\t\t<div class=\"elementor-widget-container\">\n\t\t\t\t\t\t\t\t\t<div style=\"padding-top: 150px;\"><h4>\ud83c\udf3f Premier Le Reve Hotel &amp; Spa \u2014 \u043f\u043e\u043a\u043e\u0439 \u0438 \u0440\u043e\u0441\u043a\u043e\u0448\u044c \u0442\u043e\u043b\u044c\u043a\u043e \u0434\u043b\u044f \u0432\u0437\u0440\u043e\u0441\u043b\u044b\u0445<\/h4><p><strong>Premier Le Reve Hotel &amp; Spa<\/strong> (\u0422\u043e\u043b\u044c\u043a\u043e \u0434\u043b\u044f \u0432\u0437\u0440\u043e\u0441\u043b\u044b\u0445 16+) \u0440\u0430\u0441\u043f\u043e\u043b\u043e\u0436\u0435\u043d \u0432 30 \u043a\u043c \u043e\u0442 \u0425\u0443\u0440\u0433\u0430\u0434\u044b, <strong>\u041d\u0430 \u043a\u0443\u0440\u043e\u0440\u0442\u0435 \u0421\u0430\u0445\u043b \u0425\u0430\u0448\u0438\u0448<\/strong>, \u043f\u0440\u044f\u043c\u043e \u043d\u0430 \u0431\u0435\u0440\u0435\u0433\u0443 \u041a\u0440\u0430\u0441\u043d\u043e\u0433\u043e \u043c\u043e\u0440\u044f. \u042d\u0442\u043e \u0438\u0434\u0435\u0430\u043b\u044c\u043d\u044b\u0439 \u0432\u044b\u0431\u043e\u0440 \u0434\u043b\u044f \u0442\u0435\u0445, \u043a\u0442\u043e \u0445\u043e\u0447\u0435\u0442 \u043d\u0430\u0441\u043b\u0430\u0434\u0438\u0442\u044c\u0441\u044f <strong>\u0442\u0438\u0448\u0438\u043d\u0430, \u043e\u0442\u0434\u044b\u0445 \u0438 \u043e\u0431\u0441\u043b\u0443\u0436\u0438\u0432\u0430\u043d\u0438\u0435 \u043d\u0430 \u0432\u044b\u0441\u0448\u0435\u043c \u0443\u0440\u043e\u0432\u043d\u0435<\/strong>. \ud83e\uddd8\u200d\u2640\ufe0f\u2600\ufe0f<\/p><h5>\ud83d\udc8e \u041f\u043e\u0447\u0435\u043c\u0443 \u0441\u0442\u043e\u0438\u0442 \u0432\u044b\u0431\u0440\u0430\u0442\u044c Premier Le R\u00eave?<\/h5><ul><li>\ud83d\udd1e <strong>\u0422\u043e\u043b\u044c\u043a\u043e \u0434\u043b\u044f \u0432\u0437\u0440\u043e\u0441\u043b\u044b\u0445 (16+)<\/strong> \u2013 \u043f\u043e\u043b\u043d\u044b\u0439 \u043f\u043e\u043a\u043e\u0439 \u0438 \u0443\u0435\u0434\u0438\u043d\u0435\u043d\u043d\u0430\u044f \u0430\u0442\u043c\u043e\u0441\u0444\u0435\u0440\u0430<\/li><li>\ud83d\udc86\u200d\u2640\ufe0f <strong>\u0421\u041f\u0410 \u0446\u0435\u043d\u0442\u0440<\/strong> \u0441 \u0442\u0430\u043b\u0430\u0441\u0441\u043e\u0442\u0435\u0440\u0430\u043f\u0438\u0435\u0439, \u043c\u0430\u0441\u0441\u0430\u0436\u0435\u043c \u0438 \u043a\u043e\u0441\u043c\u0435\u0442\u0438\u0447\u0435\u0441\u043a\u0438\u043c\u0438 \u043f\u0440\u043e\u0446\u0435\u0434\u0443\u0440\u0430\u043c\u0438<\/li><li>\ud83c\udfca\u200d\u2642\ufe0f 5 \u0431\u0430\u0441\u0441\u0435\u0439\u043d\u043e\u0432, \u0432 \u0442\u043e\u043c \u0447\u0438\u0441\u043b\u0435 <strong>\u0434\u0432\u0430 \u0441 \u043f\u043e\u0434\u043e\u0433\u0440\u0435\u0432\u043e\u043c<\/strong><\/li><li>\ud83c\udf63 7 \u0440\u0435\u0441\u0442\u043e\u0440\u0430\u043d\u043e\u0432 \u2013 \u0432\u043a\u043b\u044e\u0447\u0430\u044f \u0438\u0442\u0430\u043b\u044c\u044f\u043d\u0441\u043a\u0438\u0439, \u044f\u043f\u043e\u043d\u0441\u043a\u0438\u0439, \u043a\u0438\u0442\u0430\u0439\u0441\u043a\u0438\u0439, \u0438\u043d\u0434\u0438\u0439\u0441\u043a\u0438\u0439 \u0438 \u0440\u044b\u0431\u043d\u044b\u0439<\/li><li>\ud83c\udfcb\ufe0f\u200d\u2642\ufe0f \u0421\u0430\u0443\u043d\u0430, \u043f\u0430\u0440\u043e\u0432\u0430\u044f \u0431\u0430\u043d\u044f, \u0442\u0443\u0440\u0435\u0446\u043a\u0438\u0439 \u0445\u0430\u043c\u043c\u0430\u043c \u0438 \u0442\u0440\u0435\u043d\u0430\u0436\u0435\u0440\u043d\u044b\u0439 \u0437\u0430\u043b<\/li><\/ul><h5>\ud83c\udf0a \u0420\u0430\u0441\u043f\u043e\u043b\u043e\u0436\u0435\u043d\u0438\u0435 \u0438 \u0430\u0442\u043c\u043e\u0441\u0444\u0435\u0440\u0430<\/h5><p>Premier Le R\u00eave \u043d\u0430\u0445\u043e\u0434\u0438\u0442\u0441\u044f <strong>\u0432 \u0442\u0438\u0445\u043e\u043c \u0438 \u044d\u043a\u0441\u043a\u043b\u044e\u0437\u0438\u0432\u043d\u043e\u043c \u0440\u0430\u0439\u043e\u043d\u0435 \u0421\u0430\u0445\u043b \u0425\u0430\u0448\u0438\u0448<\/strong>, \u0447\u0442\u043e \u0438\u0434\u0435\u0430\u043b\u044c\u043d\u043e \u043f\u043e\u0434\u0445\u043e\u0434\u0438\u0442 \u0434\u043b\u044f \u0442\u0435\u0445, \u043a\u0442\u043e \u0445\u043e\u0447\u0435\u0442 \u0438\u0437\u0431\u0435\u0436\u0430\u0442\u044c \u0442\u043e\u043b\u043f. \u041f\u043b\u044f\u0436 \u0447\u0438\u0441\u0442\u044b\u0439, \u0432\u043e\u0434\u0430 \u043a\u0440\u0438\u0441\u0442\u0430\u043b\u044c\u043d\u043e \u0447\u0438\u0441\u0442\u0430\u044f, \u0430 \u0430\u0442\u043c\u043e\u0441\u0444\u0435\u0440\u0430 \u2014 \u0443\u043c\u0438\u0440\u043e\u0442\u0432\u043e\u0440\u044f\u044e\u0449\u0430\u044f. \ud83c\udfd6\ufe0f<\/p><h5>\ud83c\udfaf \u041c\u044b \u0442\u0430\u043a\u0436\u0435 \u0440\u0435\u043a\u043e\u043c\u0435\u043d\u0434\u0443\u0435\u043c \u044d\u0442\u0438 \u043e\u0442\u0435\u043b\u0438 \u0442\u043e\u043b\u044c\u043a\u043e \u0434\u043b\u044f \u0432\u0437\u0440\u043e\u0441\u043b\u044b\u0445<\/h5><ul><li><a href=\"https:\/\/www.kookosreis.ee\/ru\/steigenberger-pure-lifestyle\/\">Steigenberger \u0427\u0438\u0441\u0442\u044b\u0439 \u043e\u0431\u0440\u0430\u0437 \u0436\u0438\u0437\u043d\u0438<\/a> \u2013 \u0441\u0442\u0438\u043b\u044c\u043d\u044b\u0439 \u043e\u0442\u0435\u043b\u044c \u0442\u043e\u043b\u044c\u043a\u043e \u0434\u043b\u044f \u0432\u0437\u0440\u043e\u0441\u043b\u044b\u0445 \u0432 \u0440\u0430\u0439\u043e\u043d\u0435 \u041c\u0430\u0440\u0438\u043d\u0430<\/li><li><a href=\"https:\/\/www.kookosreis.ee\/ru\/serry-beach-resort\/\">Serry Beach Resort<\/a> \u2013 \u0441\u043e\u0432\u0440\u0435\u043c\u0435\u043d\u043d\u044b\u0439 \u0438 \u044d\u043b\u0435\u0433\u0430\u043d\u0442\u043d\u044b\u0439 \u0432\u044b\u0431\u043e\u0440 \u0434\u043b\u044f \u043f\u0430\u0440<\/li><li><a href=\"https:\/\/www.kookosreis.ee\/ru\/sunrise-tucana-resort\/\">\u041a\u0443\u0440\u043e\u0440\u0442 \u0421\u0430\u043d\u0440\u0430\u0439\u0437 \u0422\u0443\u043a\u0430\u043d\u0430<\/a> \u2013 \u043d\u043e\u0432\u044b\u0439 \u043e\u0442\u0435\u043b\u044c \u0442\u043e\u043b\u044c\u043a\u043e \u0434\u043b\u044f \u0432\u0437\u0440\u043e\u0441\u043b\u044b\u0445, \u0434\u043b\u044f \u0446\u0435\u043d\u0438\u0442\u0435\u043b\u0435\u0439 \u044d\u0441\u0442\u0435\u0442\u0438\u043a\u0438<\/li><\/ul><p><strong>\u041b\u0435\u0442\u0430\u0439\u0442\u0435 \u0441 Kookos Reis! \ud83d\ude80<\/strong><\/p><p><!-- WAAVO IFRAME --><\/p><div id=\"waavo-insert-iframe\" class=\"waavo-iframes\" data-cookie-agreement=\"1\" data-https=\"true\" data-host=\"kookosreis.waavo.com\" data-language=\"est\" data-url=\"\/travels_search\/hotel\/city_id:2223\/departure_date:2025-03-30\/departure_airport:TLL\/adults:2\/children:0\/duration:7-10\/language:est\/showPricePerPerson:0\/back:1\/6624203\/\">\u00a0<\/div><p><script type=\"text\/javascript\" src=\"https:\/\/www.waavo.com\/js\/waavo_loader.min.js\"><\/script><\/p><\/div>\t\t\t\t\t\t\t\t<\/div>\n\t\t\t\t<\/div>\n\t\t\t\t\t<\/div>\n\t\t\t\t<\/div>\n\t\t\t\t<\/div>","protected":false},"excerpt":{"rendered":"<p>\ud83c\udf3f Premier Le Reve Hotel &amp; Spa \u2013 rahu ja luksus ainult t\u00e4iskasvanutele Premier Le Reve Hotel &amp; Spa (Adults Only 16+) asub Hurghadast 30 km kaugusel, Sahl Hasheeshi kuurordis, otse Punase mere \u00e4\u00e4res. See on ideaalne valik neile, kes soovivad nautida vaikust, l\u00f5\u00f5gastust ja k\u00f5rgetasemelist teenindust. \ud83e\uddd8\u200d\u2640\ufe0f\u2600\ufe0f \ud83d\udc8e Miks valida Premier Le R\u00eave? \ud83d\udd1e [&hellip;]<\/p>\n","protected":false},"author":1,"featured_media":2277,"parent":0,"menu_order":0,"comment_status":"open","ping_status":"open","template":"","meta":{"_eb_attr":"","om_disable_all_campaigns":false,"_monsterinsights_skip_tracking":false,"_monsterinsights_sitenote_active":false,"_monsterinsights_sitenote_note":"","_monsterinsights_sitenote_category":0,"site-sidebar-layout":"default","site-content-layout":"","ast-site-content-layout":"default","site-content-style":"default","site-sidebar-style":"default","ast-global-header-display":"","ast-banner-title-visibility":"","ast-main-header-display":"","ast-hfb-above-header-display":"","ast-hfb-below-header-display":"","ast-hfb-mobile-header-display":"","site-post-title":"","ast-breadcrumbs-content":"","ast-featured-img":"","footer-sml-layout":"","ast-disable-related-posts":"","theme-transparent-header-meta":"","adv-header-id-meta":"","stick-header-meta":"","header-above-stick-meta":"","header-main-stick-meta":"","header-below-stick-meta":"","astra-migrate-meta-layouts":"set","ast-page-background-enabled":"default","ast-page-background-meta":{"desktop":{"background-color":"var(--ast-global-color-4)","background-image":"","background-repeat":"repeat","background-position":"center center","background-size":"auto","background-attachment":"scroll","background-type":"","background-media":"","overlay-type":"","overlay-color":"","overlay-opacity":"","overlay-gradient":""},"tablet":{"background-color":"","background-image":"","background-repeat":"repeat","background-position":"center center","background-size":"auto","background-attachment":"scroll","background-type":"","background-media":"","overlay-type":"","overlay-color":"","overlay-opacity":"","overlay-gradient":""},"mobile":{"background-color":"","background-image":"","background-repeat":"repeat","background-position":"center center","background-size":"auto","background-attachment":"scroll","background-type":"","background-media":"","overlay-type":"","overlay-color":"","overlay-opacity":"","overlay-gradient":""}},"ast-content-background-meta":{"desktop":{"background-color":"var(--ast-global-color-5)","background-image":"","background-repeat":"repeat","background-position":"center center","background-size":"auto","background-attachment":"scroll","background-type":"","background-media":"","overlay-type":"","overlay-color":"","overlay-opacity":"","overlay-gradient":""},"tablet":{"background-color":"var(--ast-global-color-5)","background-image":"","background-repeat":"repeat","background-position":"center center","background-size":"auto","background-attachment":"scroll","background-type":"","background-media":"","overlay-type":"","overlay-color":"","overlay-opacity":"","overlay-gradient":""},"mobile":{"background-color":"var(--ast-global-color-5)","background-image":"","background-repeat":"repeat","background-position":"center center","background-size":"auto","background-attachment":"scroll","background-type":"","background-media":"","overlay-type":"","overlay-color":"","overlay-opacity":"","overlay-gradient":""}},"footnotes":""},"class_list":["post-2228","page","type-page","status-publish","has-post-thumbnail","hentry"],"aioseo_notices":[],"_links":{"self":[{"href":"https:\/\/www.kookosreis.ee\/ru\/wp-json\/wp\/v2\/pages\/2228","targetHints":{"allow":["GET"]}}],"collection":[{"href":"https:\/\/www.kookosreis.ee\/ru\/wp-json\/wp\/v2\/pages"}],"about":[{"href":"https:\/\/www.kookosreis.ee\/ru\/wp-json\/wp\/v2\/types\/page"}],"author":[{"embeddable":true,"href":"https:\/\/www.kookosreis.ee\/ru\/wp-json\/wp\/v2\/users\/1"}],"replies":[{"embeddable":true,"href":"https:\/\/www.kookosreis.ee\/ru\/wp-json\/wp\/v2\/comments?post=2228"}],"version-history":[{"count":3,"href":"https:\/\/www.kookosreis.ee\/ru\/wp-json\/wp\/v2\/pages\/2228\/revisions"}],"predecessor-version":[{"id":2280,"href":"https:\/\/www.kookosreis.ee\/ru\/wp-json\/wp\/v2\/pages\/2228\/revisions\/2280"}],"wp:featuredmedia":[{"embeddable":true,"href":"https:\/\/www.kookosreis.ee\/ru\/wp-json\/wp\/v2\/media\/2277"}],"wp:attachment":[{"href":"https:\/\/www.kookosreis.ee\/ru\/wp-json\/wp\/v2\/media?parent=2228"}],"curies":[{"name":"WP","href":"https:\/\/api.w.org\/{rel}","templated":true}]}}