{"id":2233,"date":"2026-04-09T17:28:40","date_gmt":"2026-04-09T15:28:40","guid":{"rendered":"https:\/\/www.kookosreis.ee\/?page_id=2233"},"modified":"2026-04-10T07:49:23","modified_gmt":"2026-04-10T05:49:23","slug":"reisitingimused","status":"publish","type":"page","link":"https:\/\/www.kookosreis.ee\/ru\/reisitingimused\/","title":{"rendered":"\u0423\u0441\u043b\u043e\u0432\u0438\u044f \u043f\u0443\u0442\u0435\u0448\u0435\u0441\u0442\u0432\u0438\u044f"},"content":{"rendered":"<div data-elementor-type=\"wp-page\" data-elementor-id=\"2233\" class=\"elementor elementor-2233\">\n\t\t\t\t<div class=\"elementor-element elementor-element-4167492 e-flex e-con-boxed e-con e-parent\" data-id=\"4167492\" data-element_type=\"container\" data-e-type=\"container\">\n\t\t\t\t\t<div class=\"e-con-inner\">\n\t\t\t\t\t<\/div>\n\t\t\t\t<\/div>\n\t\t<div class=\"elementor-element elementor-element-022933d e-flex e-con-boxed e-con e-parent\" data-id=\"022933d\" data-element_type=\"container\" data-e-type=\"container\">\n\t\t\t\t\t<div class=\"e-con-inner\">\n\t\t\t\t<div class=\"elementor-element elementor-element-4b77c3b elementor-widget elementor-widget-text-editor\" data-id=\"4b77c3b\" data-element_type=\"widget\" data-e-type=\"widget\" data-widget_type=\"text-editor.default\">\n\t\t\t\t<div class=\"elementor-widget-container\">\n\t\t\t\t\t\t\t\t\t<h2 style=\"color: #222222; font-family: Inter; margin-top: 1em; margin-bottom: 0.5em; font-size: 1.7411em; line-height: 1.21;\">\u0423\u0441\u043b\u043e\u0432\u0438\u044f \u043f\u0443\u0442\u0435\u0448\u0435\u0441\u0442\u0432\u0438\u044f<\/h2><p style=\"line-height: inherit; margin-bottom: 2em;\">Kookos Reis O\u00dc on lepinguline partner allj\u00e4rgnevate reisikorraldajatega. S\u00f5ltuvalt ostetud reisiteenusest kehtivad vastutava reisikorraldaja reisitingimused:<\/p><h5 style=\"color: #222222; font-family: Inter; margin-top: 1em; margin-bottom: 0.5em; font-size: 1.1487em;\">\u041d\u043e\u0432\u0430\u0442\u0443\u0440\u044b<\/h5><ul><li>Registrikood: 11013879<\/li><li>R\u00e4vala pst. 6-201A, Tallinn<\/li><li><a style=\"text-decoration-line: none; color: #3c9cd9;\" href=\"https:\/\/www.novatours.ee\/pakettreisilepingu-standardinfo-teabeleht-huperlingiga\">Novatours Pakettreisilepingu standardinfo teabeleht<\/a><\/li><li><a style=\"text-decoration-line: none; color: #3c9cd9;\" href=\"https:\/\/drive.google.com\/file\/d\/1nfctWHNe24WacmK0EhasJreaUmZT5Mgi\/view?usp=sharing\">Novatours Pakettreisiteenuste lepingu \u00fcldtingimused<\/a><\/li><\/ul><h5 style=\"color: #222222; font-family: Inter; margin-top: 1em; margin-bottom: 0.5em; font-size: 1.1487em;\">JoinUp<\/h5><ul><li>Registrikood: 50203351701<\/li><li>Vienibas gatve 109, Riga, Latvia, LV-1058<\/li><li><a style=\"text-decoration-line: none; color: #3c9cd9;\" href=\"https:\/\/joinup.ee\/et\/standard-information-forms\">JoinUp Pakettreisilepingu standardinfo teabeleht<\/a><\/li><li><a href=\"https:\/\/joinup.ee\/et\/information-for-travelers\">Informatsioon reisijale<\/a><\/li><\/ul><h5 style=\"color: #222222; font-family: Inter; margin-top: 1em; margin-bottom: 0.5em; font-size: 1.1487em;\">TezTour<\/h5><ul><li>Registrikood: 11468166<\/li><li>Laeva tn. 2, Tallinn, 10111<\/li><li><a style=\"text-decoration-line: none; color: #3c9cd9;\" href=\"https:\/\/www.teztour.ee\/page\/reisilepingu-tingimused-pakettreisidele-2025.et.html\">TezTour Reisilepingu \u00fcldtingimused pakettreisidele (al 28.01.2025)<\/a><\/li><li><a style=\"text-decoration-line: none; color: #3c9cd9;\" href=\"https:\/\/www.teztour.ee\/page\/airline-rules.et.html\">TezTour Lennukompanii ja pagasiveo reeglid<\/a><\/li><\/ul><h5 style=\"color: #222222; font-family: Inter; margin-top: 1em; margin-bottom: 0.5em; font-size: 1.1487em;\">Coraltravel<\/h5><ul><li>Registrikood: 16194673<\/li><li>Liivalaia 22, Tallinn, 10118<\/li><li><a style=\"text-decoration-line: none; color: #3c9cd9;\" href=\"https:\/\/b2ccdn.coraltravel.ee\/content\/Pakettreisilepingu_standardinfo_teabeleht_Coral_Travel.pdf\">Coral Travel: Pakettreisilepingu standardinfo teabeleht<\/a><\/li><\/ul><h5 style=\"color: #222222; font-family: Inter; margin-top: 1em; margin-bottom: 0.5em; font-size: 1.1487em;\">AnexTour Estonia<\/h5><ul><li>Registrikood: 16678968<\/li><li>Liivalaia 22, Tallinn, 10118<\/li><li><a style=\"text-decoration-line: none; color: #3c9cd9;\" href=\"https:\/\/files.anextour.ee\/Content\/uploads\/elfinder\/anextour.ee\/docs\/Pakettreisilepingu-standardinfo-teabeleht.pdf\">AnexTour Pakettreisilepingu standardinfo teabeleht<\/a><\/li><li><a style=\"text-decoration-line: none; color: #3c9cd9;\" href=\"https:\/\/files.anextour.ee\/Content\/uploads\/elfinder\/anextour.ee\/docs\/Contract-with-the-tourist_updated-01.04.2024.pdf\">AnexTour Pakettreisiteenuste lepingu \u00fcldtingimused<\/a><\/li><\/ul><p style=\"line-height: inherit; margin-bottom: 2em;\">Reisija vastutab reisi broneerides, et reisidokumendid vastavad sihtriiki sisenemiseks vajalikele n\u00f5uetele. V\u00f5imalik, et teil on vaja taotleda viisat (v\u00f5i muud reisidokumenti) sisenemiseks oma sihtriiki v\u00f5i ka riiki, kus reisi j\u00e4tkamiseks tuleb \u00fcmber istuda teisele lennukile. T\u00e4psemat informatsiooni selle kohta leiab\u00a0<a style=\"text-decoration-line: none; color: #3c9cd9;\" href=\"http:\/\/vm.ee\/et\">V\u00e4lisministeeriumi<\/a> kodulehek\u00fcljelt.<\/p>\t\t\t\t\t\t\t\t<\/div>\n\t\t\t\t<\/div>\n\t\t\t\t\t<\/div>\n\t\t\t\t<\/div>\n\t\t\t\t<\/div>","protected":false},"excerpt":{"rendered":"<p>Reisitingimused Kookos Reis O\u00dc on lepinguline partner allj\u00e4rgnevate reisikorraldajatega. S\u00f5ltuvalt ostetud reisiteenusest kehtivad vastutava reisikorraldaja reisitingimused: Novatours Registrikood: 11013879 R\u00e4vala pst. 6-201A, Tallinn Novatours Pakettreisilepingu standardinfo teabeleht Novatours Pakettreisiteenuste lepingu \u00fcldtingimused JoinUp Registrikood: 50203351701 Vienibas gatve 109, Riga, Latvia, LV-1058 JoinUp Pakettreisilepingu standardinfo teabeleht Informatsioon reisijale TezTour Registrikood: 11468166 Laeva tn. 2, Tallinn, 10111 TezTour [&hellip;]<\/p>\n","protected":false},"author":1,"featured_media":1817,"parent":0,"menu_order":0,"comment_status":"open","ping_status":"open","template":"","meta":{"_eb_attr":"","om_disable_all_campaigns":false,"_monsterinsights_skip_tracking":false,"_monsterinsights_sitenote_active":false,"_monsterinsights_sitenote_note":"","_monsterinsights_sitenote_category":0,"site-sidebar-layout":"default","site-content-layout":"","ast-site-content-layout":"default","site-content-style":"default","site-sidebar-style":"default","ast-global-header-display":"","ast-banner-title-visibility":"","ast-main-header-display":"","ast-hfb-above-header-display":"","ast-hfb-below-header-display":"","ast-hfb-mobile-header-display":"","site-post-title":"","ast-breadcrumbs-content":"","ast-featured-img":"","footer-sml-layout":"","theme-transparent-header-meta":"","adv-header-id-meta":"","stick-header-meta":"","header-above-stick-meta":"","header-main-stick-meta":"","header-below-stick-meta":"","astra-migrate-meta-layouts":"set","ast-page-background-enabled":"default","ast-page-background-meta":{"desktop":{"background-color":"var(--ast-global-color-4)","background-image":"","background-repeat":"repeat","background-position":"center center","background-size":"auto","background-attachment":"scroll","background-type":"","background-media":"","overlay-type":"","overlay-color":"","overlay-opacity":"","overlay-gradient":""},"tablet":{"background-color":"","background-image":"","background-repeat":"repeat","background-position":"center center","background-size":"auto","background-attachment":"scroll","background-type":"","background-media":"","overlay-type":"","overlay-color":"","overlay-opacity":"","overlay-gradient":""},"mobile":{"background-color":"","background-image":"","background-repeat":"repeat","background-position":"center center","background-size":"auto","background-attachment":"scroll","background-type":"","background-media":"","overlay-type":"","overlay-color":"","overlay-opacity":"","overlay-gradient":""}},"ast-content-background-meta":{"desktop":{"background-color":"var(--ast-global-color-5)","background-image":"","background-repeat":"repeat","background-position":"center center","background-size":"auto","background-attachment":"scroll","background-type":"","background-media":"","overlay-type":"","overlay-color":"","overlay-opacity":"","overlay-gradient":""},"tablet":{"background-color":"var(--ast-global-color-5)","background-image":"","background-repeat":"repeat","background-position":"center center","background-size":"auto","background-attachment":"scroll","background-type":"","background-media":"","overlay-type":"","overlay-color":"","overlay-opacity":"","overlay-gradient":""},"mobile":{"background-color":"var(--ast-global-color-5)","background-image":"","background-repeat":"repeat","background-position":"center center","background-size":"auto","background-attachment":"scroll","background-type":"","background-media":"","overlay-type":"","overlay-color":"","overlay-opacity":"","overlay-gradient":""}},"footnotes":""},"class_list":["post-2233","page","type-page","status-publish","has-post-thumbnail","hentry"],"aioseo_notices":[],"_links":{"self":[{"href":"https:\/\/www.kookosreis.ee\/ru\/wp-json\/wp\/v2\/pages\/2233","targetHints":{"allow":["GET"]}}],"collection":[{"href":"https:\/\/www.kookosreis.ee\/ru\/wp-json\/wp\/v2\/pages"}],"about":[{"href":"https:\/\/www.kookosreis.ee\/ru\/wp-json\/wp\/v2\/types\/page"}],"author":[{"embeddable":true,"href":"https:\/\/www.kookosreis.ee\/ru\/wp-json\/wp\/v2\/users\/1"}],"replies":[{"embeddable":true,"href":"https:\/\/www.kookosreis.ee\/ru\/wp-json\/wp\/v2\/comments?post=2233"}],"version-history":[{"count":26,"href":"https:\/\/www.kookosreis.ee\/ru\/wp-json\/wp\/v2\/pages\/2233\/revisions"}],"predecessor-version":[{"id":2631,"href":"https:\/\/www.kookosreis.ee\/ru\/wp-json\/wp\/v2\/pages\/2233\/revisions\/2631"}],"wp:featuredmedia":[{"embeddable":true,"href":"https:\/\/www.kookosreis.ee\/ru\/wp-json\/wp\/v2\/media\/1817"}],"wp:attachment":[{"href":"https:\/\/www.kookosreis.ee\/ru\/wp-json\/wp\/v2\/media?parent=2233"}],"curies":[{"name":"WP","href":"https:\/\/api.w.org\/{rel}","templated":true}]}}